{"id":12,"date":"2019-11-05T18:51:10","date_gmt":"2019-11-05T18:51:10","guid":{"rendered":"https:\/\/lecampusnumerique.fr\/wopr\/?page_id=12"},"modified":"2026-04-15T08:43:43","modified_gmt":"2026-04-15T08:43:43","slug":"boutique","status":"publish","type":"page","link":"https:\/\/lecampusnumerique.fr\/wopr\/","title":{"rendered":"Accueil"},"content":{"rendered":"<div class=\"wpb-content-wrapper\"><p>[vc_row][vc_column][vc_single_image image=\u00a0\u00bb5361&Prime; img_size=\u00a0\u00bblarge\u00a0\u00bb][\/vc_column][\/vc_row][vc_row][vc_column width=\u00a0\u00bb1\/3&Prime;][vc_icon type=\u00a0\u00bbmaterial\u00a0\u00bb icon_material=\u00a0\u00bbvc-material vc-material-work\u00a0\u00bb color=\u00a0\u00bbwhite\u00a0\u00bb background_style=\u00a0\u00bbrounded\u00a0\u00bb background_color=\u00a0\u00bbcustom\u00a0\u00bb size=\u00a0\u00bbxl\u00a0\u00bb align=\u00a0\u00bbcenter\u00a0\u00bb custom_background_color=\u00a0\u00bb#f2d357&Prime;][vc_custom_heading text=\u00a0\u00bbDes outils pour l\u2019individualisation des apprentissages\u00a0\u00bb font_container=\u00a0\u00bbtag:h4|text_align:center\u00a0\u00bb use_theme_fonts=\u00a0\u00bbyes\u00a0\u00bb css=\u00a0\u00bb.vc_custom_1573197615989{padding-right: 35px !important;padding-left: 35px !important;}\u00a0\u00bb][\/vc_column][vc_column width=\u00a0\u00bb1\/3&Prime;][vc_icon type=\u00a0\u00bbmaterial\u00a0\u00bb icon_material=\u00a0\u00bbvc-material vc-material-people_outline\u00a0\u00bb color=\u00a0\u00bbwhite\u00a0\u00bb background_style=\u00a0\u00bbrounded\u00a0\u00bb background_color=\u00a0\u00bbcustom\u00a0\u00bb size=\u00a0\u00bbxl\u00a0\u00bb align=\u00a0\u00bbcenter\u00a0\u00bb custom_background_color=\u00a0\u00bb#50b8e5&Prime;][vc_custom_heading text=\u00a0\u00bbDes ressources sur les savoirs de base dans les domaines g\u00e9n\u00e9raux.\u00a0\u00bb font_container=\u00a0\u00bbtag:h4|text_align:center\u00a0\u00bb use_theme_fonts=\u00a0\u00bbyes\u00a0\u00bb css=\u00a0\u00bb.vc_custom_1573209653047{padding-right: 35px !important;padding-left: 35px !important;}\u00a0\u00bb][\/vc_column][vc_column width=\u00a0\u00bb1\/3&Prime;][vc_icon type=\u00a0\u00bbmaterial\u00a0\u00bb icon_material=\u00a0\u00bbvc-material vc-material-pan_tool\u00a0\u00bb color=\u00a0\u00bbwhite\u00a0\u00bb background_style=\u00a0\u00bbrounded\u00a0\u00bb background_color=\u00a0\u00bbcustom\u00a0\u00bb size=\u00a0\u00bbxl\u00a0\u00bb align=\u00a0\u00bbcenter\u00a0\u00bb custom_background_color=\u00a0\u00bb#f2d357&Prime;][vc_custom_heading text=\u00a0\u00bbDes ressources sur les gestes et techniques des m\u00e9tiers.\u00a0\u00bb font_container=\u00a0\u00bbtag:h4|text_align:center\u00a0\u00bb use_theme_fonts=\u00a0\u00bbyes\u00a0\u00bb css=\u00a0\u00bb.vc_custom_1573213123107{padding-right: 35px !important;padding-left: 35px !important;}\u00a0\u00bb][\/vc_column][\/vc_row][vc_row full_width=\u00a0\u00bbstretch_row\u00a0\u00bb gap=\u00a0\u00bb10&Prime; equal_height=\u00a0\u00bbyes\u00a0\u00bb][vc_column width=\u00a0\u00bb1\/2&Prime; css=\u00a0\u00bb.vc_custom_1575013870289{background-color: #f2d357 !important;border-radius: 20px !important;}\u00a0\u00bb][vc_custom_heading text=\u00a0\u00bbNos modules en version ENT\u00a0\u00bb font_container=\u00a0\u00bbtag:h2|text_align:left|color:%230a0a0a\u00a0\u00bb use_theme_fonts=\u00a0\u00bbyes\u00a0\u00bb css=\u00a0\u00bb.vc_custom_1774626369906{padding-right: 35px !important;padding-left: 35px !important;border-radius: 20px !important;}\u00a0\u00bb][vc_column_text css=\u00a0\u00bb.vc_custom_1776242597566{padding-right: 35px !important;padding-left: 35px !important;border-radius: 20px !important;}\u00a0\u00bb]<span style=\"color: #000000;\"><strong><span style=\"font-size: 14pt;\"><img loading=\"lazy\" decoding=\"async\" class=\"size-medium wp-image-5370 aligncenter\" src=\"https:\/\/lecampusnumerique.fr\/wopr\/wp-content\/uploads\/2026\/03\/logoDS_ENT-300x115.jpg\" alt=\"\" width=\"300\" height=\"115\" srcset=\"https:\/\/lecampusnumerique.fr\/wopr\/wp-content\/uploads\/2026\/03\/logoDS_ENT-300x115.jpg 300w, https:\/\/lecampusnumerique.fr\/wopr\/wp-content\/uploads\/2026\/03\/logoDS_ENT-1024x391.jpg 1024w, https:\/\/lecampusnumerique.fr\/wopr\/wp-content\/uploads\/2026\/03\/logoDS_ENT-768x293.jpg 768w, https:\/\/lecampusnumerique.fr\/wopr\/wp-content\/uploads\/2026\/03\/logoDS_ENT-800x305.jpg 800w, https:\/\/lecampusnumerique.fr\/wopr\/wp-content\/uploads\/2026\/03\/logoDS_ENT.jpg 1092w\" sizes=\"auto, (max-width: 300px) 100vw, 300px\" \/><\/span><\/strong><\/span><\/p>\n<p><span style=\"color: #993300;\"><strong><span style=\"font-size: 18pt;\">Nouveaut\u00e9 2026<\/span><\/strong><\/span><\/p>\n<p><span style=\"color: #000000;\"><strong><span style=\"font-size: 14pt;\">Nous pouvons\u00a0 avec notre outil vous livrer des liens\u00a0 (en scorm\/web hors LMS)pour chaque module\u00a0 de formation \u00e0 int\u00e9grer dans votre ENT.<\/span><\/strong><\/span><\/p>\n<p><span style=\"color: #000000;\"><strong><span style=\"font-size: 14pt;\">(Tous les liens\u00a0 peuvent aussi \u00eatre prescrits directement par email \u00e0 vos apprenants)<\/span><\/strong><\/span><\/p>\n<p><span style=\"color: #800080; font-size: 14pt;\"><strong>Ces liens peuvent vous permettre gr\u00e2ce \u00e0 l&rsquo;intelligence artificielle de r\u00e9cup\u00e9rer si vous le souhaitez le nom de votre apprenant qui va utiliser chaque module prescrit, le nom du module, son temps pass\u00e9 et son score global r\u00e9alis\u00e9 sans plateforme LMS.<\/strong><\/span>[\/vc_column_text][\/vc_column][vc_column width=\u00a0\u00bb1\/2&Prime; css=\u00a0\u00bb.vc_custom_1575013877959{background-color: #50b8e5 !important;border-radius: 20px !important;}\u00a0\u00bb][vc_custom_heading text=\u00a0\u00bbNos modules pour plateforme LMS\u00a0\u00bb font_container=\u00a0\u00bbtag:h2|text_align:left|color:%23ffffff\u00a0\u00bb use_theme_fonts=\u00a0\u00bbyes\u00a0\u00bb css=\u00a0\u00bb.vc_custom_1774608847200{padding-right: 35px !important;padding-left: 35px !important;}\u00a0\u00bb][vc_column_text css=\u00a0\u00bb.vc_custom_1776242612402{padding-right: 35px !important;padding-left: 35px !important;border-radius: 20px !important;}\u00a0\u00bb]<\/p>\n<h6><span style=\"font-size: 18pt;\"><strong><img loading=\"lazy\" decoding=\"async\" class=\"size-medium wp-image-5371 aligncenter\" src=\"https:\/\/lecampusnumerique.fr\/wopr\/wp-content\/uploads\/2026\/03\/logoDS_LMS-300x115.jpg\" alt=\"\" width=\"300\" height=\"115\" srcset=\"https:\/\/lecampusnumerique.fr\/wopr\/wp-content\/uploads\/2026\/03\/logoDS_LMS-300x115.jpg 300w, https:\/\/lecampusnumerique.fr\/wopr\/wp-content\/uploads\/2026\/03\/logoDS_LMS-1024x391.jpg 1024w, https:\/\/lecampusnumerique.fr\/wopr\/wp-content\/uploads\/2026\/03\/logoDS_LMS-768x293.jpg 768w, https:\/\/lecampusnumerique.fr\/wopr\/wp-content\/uploads\/2026\/03\/logoDS_LMS-800x305.jpg 800w, https:\/\/lecampusnumerique.fr\/wopr\/wp-content\/uploads\/2026\/03\/logoDS_LMS.jpg 1092w\" sizes=\"auto, (max-width: 300px) 100vw, 300px\" \/><\/strong><\/span><\/h6>\n<h6><span style=\"font-size: 18pt; color: #000000;\"><strong>Toutes nos unit\u00e9s d&rsquo;apprentissage respectent la norme SCORM 1.2<\/strong><\/span><\/h6>\n<h6><span style=\"font-size: 18pt; color: #000000;\"><strong>Elles peuvent donc \u00eatre int\u00e9gr\u00e9es \u00e0 toute plateforme LMS du march\u00e9 (moodle, chamilo, elmg Talensoft,&#8230;&#8230;).<\/strong><\/span><\/h6>\n<p>[\/vc_column_text][\/vc_column][\/vc_row][vc_row][vc_column][vc_zigzag][\/vc_column][\/vc_row][vc_row][vc_column][vc_column_text]<\/p>\n<p style=\"text-align: center;\"><strong><span style=\"font-size: 24pt; color: #800000;\">Consultez notre catalogue de plus de\u00a0 800 modules de formation.<\/span><\/strong><\/p>\n<p style=\"text-align: center;\"><span style=\"font-size: 24pt; color: #000080;\"><strong>Demandez des informations suppl\u00e9mentaires dans notre page &lt;Contact<\/strong>&gt;.<\/span><\/p>\n<p>[\/vc_column_text][\/vc_column][\/vc_row]<\/p>\n<\/div>","protected":false},"excerpt":{"rendered":"<p>[vc_row][vc_column][vc_single_image image=\u00a0\u00bb5361&Prime; img_size=\u00a0\u00bblarge\u00a0\u00bb][\/vc_column][\/vc_row][vc_row][vc_column width=\u00a0\u00bb1\/3&Prime;][vc_icon type=\u00a0\u00bbmaterial\u00a0\u00bb icon_material=\u00a0\u00bbvc-material vc-material-work\u00a0\u00bb color=\u00a0\u00bbwhite\u00a0\u00bb background_style=\u00a0\u00bbrounded\u00a0\u00bb background_color=\u00a0\u00bbcustom\u00a0\u00bb size=\u00a0\u00bbxl\u00a0\u00bb align=\u00a0\u00bbcenter\u00a0\u00bb custom_background_color=\u00a0\u00bb#f2d357&Prime;][vc_custom_heading text=\u00a0\u00bbDes outils pour l\u2019individualisation des apprentissages\u00a0\u00bb font_container=\u00a0\u00bbtag:h4|text_align:center\u00a0\u00bb use_theme_fonts=\u00a0\u00bbyes\u00a0\u00bb css=\u00a0\u00bb.vc_custom_1573197615989{padding-right: 35px !important;padding-left: 35px !important;}\u00a0\u00bb][\/vc_column][vc_column width=\u00a0\u00bb1\/3&Prime;][vc_icon type=\u00a0\u00bbmaterial\u00a0\u00bb icon_material=\u00a0\u00bbvc-material vc-material-people_outline\u00a0\u00bb color=\u00a0\u00bbwhite\u00a0\u00bb background_style=\u00a0\u00bbrounded\u00a0\u00bb background_color=\u00a0\u00bbcustom\u00a0\u00bb size=\u00a0\u00bbxl\u00a0\u00bb align=\u00a0\u00bbcenter\u00a0\u00bb custom_background_color=\u00a0\u00bb#50b8e5&Prime;][vc_custom_heading text=\u00a0\u00bbDes ressources sur les savoirs de base dans les domaines g\u00e9n\u00e9raux.\u00a0\u00bb font_container=\u00a0\u00bbtag:h4|text_align:center\u00a0\u00bb use_theme_fonts=\u00a0\u00bbyes\u00a0\u00bb css=\u00a0\u00bb.vc_custom_1573209653047{padding-right: 35px !important;padding-left: 35px !important;}\u00a0\u00bb][\/vc_column][vc_column width=\u00a0\u00bb1\/3&Prime;][vc_icon [&hellip;]<\/p>\n","protected":false},"author":1,"featured_media":0,"parent":0,"menu_order":0,"comment_status":"closed","ping_status":"closed","template":"","meta":{"footnotes":""},"class_list":["post-12","page","type-page","status-publish","hentry","wpbf-post"],"_links":{"self":[{"href":"https:\/\/lecampusnumerique.fr\/wopr\/index.php?rest_route=\/wp\/v2\/pages\/12","targetHints":{"allow":["GET"]}}],"collection":[{"href":"https:\/\/lecampusnumerique.fr\/wopr\/index.php?rest_route=\/wp\/v2\/pages"}],"about":[{"href":"https:\/\/lecampusnumerique.fr\/wopr\/index.php?rest_route=\/wp\/v2\/types\/page"}],"author":[{"embeddable":true,"href":"https:\/\/lecampusnumerique.fr\/wopr\/index.php?rest_route=\/wp\/v2\/users\/1"}],"replies":[{"embeddable":true,"href":"https:\/\/lecampusnumerique.fr\/wopr\/index.php?rest_route=%2Fwp%2Fv2%2Fcomments&post=12"}],"version-history":[{"count":91,"href":"https:\/\/lecampusnumerique.fr\/wopr\/index.php?rest_route=\/wp\/v2\/pages\/12\/revisions"}],"predecessor-version":[{"id":5415,"href":"https:\/\/lecampusnumerique.fr\/wopr\/index.php?rest_route=\/wp\/v2\/pages\/12\/revisions\/5415"}],"wp:attachment":[{"href":"https:\/\/lecampusnumerique.fr\/wopr\/index.php?rest_route=%2Fwp%2Fv2%2Fmedia&parent=12"}],"curies":[{"name":"wp","href":"https:\/\/api.w.org\/{rel}","templated":true}]}}