{"id":1215,"date":"2019-11-25T08:37:30","date_gmt":"2019-11-25T08:37:30","guid":{"rendered":"https:\/\/lecampusnumerique.fr\/wopr\/?page_id=1215"},"modified":"2019-11-26T12:56:07","modified_gmt":"2019-11-26T12:56:07","slug":"mentions-legales-rgpd","status":"publish","type":"page","link":"https:\/\/lecampusnumerique.fr\/wopr\/?page_id=1215","title":{"rendered":"Mentions l\u00e9gales &#8211; RGPD"},"content":{"rendered":"<div class=\"wpb-content-wrapper\"><p>[vc_row][vc_column][vc_column_text]<\/p>\n<h1 style=\"text-align: center;\"><strong>R\u00e8glement G\u00e9n\u00e9ral sur la Protection des Donn\u00e9es (RGPD)<\/strong><\/h1>\n<hr \/>\n<h6>Le R\u00e8glement G\u00e9n\u00e9ral sur la Protection des Donn\u00e9es (RGPD) est un r\u00e8glement de l&rsquo;Union europ\u00e9enne n\u00b02016\/679. C&rsquo;est le texte de r\u00e9f\u00e9rence en mati\u00e8re de protection des donn\u00e9es \u00e0 caract\u00e8re personnel. Il renforce et unifie la protection des donn\u00e9es pour les individus au sein de l&rsquo;Union europ\u00e9enne.<\/h6>\n<h6>Le RGPD vise \u00e0 accro\u00eetre la protection des personnes concern\u00e9es par un traitement de leurs donn\u00e9es \u00e0 caract\u00e8re personnel et la responsabilisation des acteurs de ce traitement. Ces principes sont appliqu\u00e9s gr\u00e2ce \u00e0 l&rsquo;augmentation du pouvoir des autorit\u00e9s de r\u00e9gulation.<\/h6>\n<h6><\/h6>\n<h6><strong>Le Campus Num\u00e9rique est conforme au RGPD.<\/strong><\/h6>\n<ul>\n<li>\n<h6>Nous recueillons uniquement les donn\u00e9es n\u00e9cessaires au bon fonctionnement de la plateforme.<\/h6>\n<\/li>\n<li>\n<h6>Les donn\u00e9es recueillies sont stock\u00e9es sur des serveurs s\u00e9curis\u00e9s en France : l&rsquo;h\u00e9bergeur est la Soci\u00e9t\u00e9 OVH &#8211; RCS Roubaix \u2013 Tourcoing 424 761 419 00045 &#8211; Si\u00e8ge social : 2 rue Kellermann &#8211; 59100 Roubaix \u2013 France<\/h6>\n<\/li>\n<li>\n<h6>Le certificat SSL install\u00e9 permet une communication chiffr\u00e9e (protocole HTTPS)<\/h6>\n<\/li>\n<li>\n<h6>Nous ne recueillons aucune donn\u00e9e en relation avec l&rsquo;origine raciale ou ethnique, les convictions politiques, religieuses ou philosophiques, les informations g\u00e9n\u00e9tiques ou biom\u00e9triques, les informations relatives \u00e0 la sant\u00e9 ou \u00e0 l&rsquo;orientation sexuelle, les condamnations p\u00e9nales ou infractions, etc.<\/h6>\n<\/li>\n<li>\n<h6>Des donn\u00e9es sont recueillies et des cookies sont utilis\u00e9s \u00e0 des fins d&rsquo;analyses statistiques et pour optimiser votre exp\u00e9rience de navigation sur le site.<\/h6>\n<\/li>\n<li>\n<h6>Nous ne vendons, ni ne louons, ni ne communiquons aucune donn\u00e9e personnelle. Nous ne demandons ni ne conservons aucune information concernant les \u00e9l\u00e8ves utilisateurs du site.<\/h6>\n<\/li>\n<li>\n<h6>Vous pouvez obtenir sur simple demande les donn\u00e9es vous concernant.<\/h6>\n<\/li>\n<li>\n<h6>Le propri\u00e9taire du site lecampusnumerique.fr est la Soci\u00e9t\u00e9 G\u00e9n\u00e9ration 5 &#8211; RCS Chamb\u00e9ry 348 080 813 00036 &#8211; Si\u00e8ge social : 82 rue du Bon Pasteur \u2013 73000 Chamb\u00e9ry \u2013 France.<\/h6>\n<\/li>\n<li>\n<h6>D\u00e9l\u00e9gu\u00e9 \u00e0 la protection des Donn\u00e9es : M. Domenge, rgpd@generation5.fr<\/h6>\n<\/li>\n<\/ul>\n<h6><\/h6>\n<h6><em>Le RGPD est en place depuis le 5\/2018. L&rsquo;agr\u00e9ment C.N.I.L. \u00e9tait auparavant le N\u00b0 2159874<\/em><\/h6>\n<h6><\/h6>\n<p>[\/vc_column_text][\/vc_column][\/vc_row]<\/p>\n<\/div>","protected":false},"excerpt":{"rendered":"<p>[vc_row][vc_column][vc_column_text] R\u00e8glement G\u00e9n\u00e9ral sur la Protection des Donn\u00e9es (RGPD) Le R\u00e8glement G\u00e9n\u00e9ral sur la Protection des Donn\u00e9es (RGPD) est un r\u00e8glement de l&rsquo;Union europ\u00e9enne n\u00b02016\/679. C&rsquo;est le texte de r\u00e9f\u00e9rence en mati\u00e8re de protection des donn\u00e9es \u00e0 caract\u00e8re personnel. Il renforce et unifie la protection des donn\u00e9es pour les individus au sein de l&rsquo;Union europ\u00e9enne. [&hellip;]<\/p>\n","protected":false},"author":1,"featured_media":0,"parent":0,"menu_order":0,"comment_status":"closed","ping_status":"closed","template":"","meta":{"footnotes":""},"class_list":["post-1215","page","type-page","status-publish","hentry","wpbf-post"],"_links":{"self":[{"href":"https:\/\/lecampusnumerique.fr\/wopr\/index.php?rest_route=\/wp\/v2\/pages\/1215","targetHints":{"allow":["GET"]}}],"collection":[{"href":"https:\/\/lecampusnumerique.fr\/wopr\/index.php?rest_route=\/wp\/v2\/pages"}],"about":[{"href":"https:\/\/lecampusnumerique.fr\/wopr\/index.php?rest_route=\/wp\/v2\/types\/page"}],"author":[{"embeddable":true,"href":"https:\/\/lecampusnumerique.fr\/wopr\/index.php?rest_route=\/wp\/v2\/users\/1"}],"replies":[{"embeddable":true,"href":"https:\/\/lecampusnumerique.fr\/wopr\/index.php?rest_route=%2Fwp%2Fv2%2Fcomments&post=1215"}],"version-history":[{"count":3,"href":"https:\/\/lecampusnumerique.fr\/wopr\/index.php?rest_route=\/wp\/v2\/pages\/1215\/revisions"}],"predecessor-version":[{"id":1222,"href":"https:\/\/lecampusnumerique.fr\/wopr\/index.php?rest_route=\/wp\/v2\/pages\/1215\/revisions\/1222"}],"wp:attachment":[{"href":"https:\/\/lecampusnumerique.fr\/wopr\/index.php?rest_route=%2Fwp%2Fv2%2Fmedia&parent=1215"}],"curies":[{"name":"wp","href":"https:\/\/api.w.org\/{rel}","templated":true}]}}