{"id":359,"date":"2019-11-09T07:41:22","date_gmt":"2019-11-09T07:41:22","guid":{"rendered":"https:\/\/lecampusnumerique.fr\/wopr\/?page_id=359"},"modified":"2026-04-04T16:18:23","modified_gmt":"2026-04-04T16:18:23","slug":"contact","status":"publish","type":"page","link":"https:\/\/lecampusnumerique.fr\/wopr\/?page_id=359","title":{"rendered":"Contact"},"content":{"rendered":"<style id=\"wpforms-css-vars-5395\">\n\t\t\t\t#wpforms-5395 {\n\t\t\t\t--wpforms-container-padding: 0px;\n--wpforms-container-border-width: 1px;\n--wpforms-container-border-radius: 3px;\n--wpforms-background-color: rgba(0, 0, 0, 0);\n--wpforms-field-size-input-height: 43px;\n--wpforms-field-size-input-spacing: 15px;\n--wpforms-field-size-font-size: 16px;\n--wpforms-field-size-line-height: 19px;\n--wpforms-field-size-padding-h: 14px;\n--wpforms-field-size-checkbox-size: 16px;\n--wpforms-field-size-sublabel-spacing: 5px;\n--wpforms-field-size-icon-size: 1;\n--wpforms-label-size-font-size: 16px;\n--wpforms-label-size-line-height: 19px;\n--wpforms-label-size-sublabel-font-size: 14px;\n--wpforms-label-size-sublabel-line-height: 17px;\n--wpforms-button-size-font-size: 17px;\n--wpforms-button-size-height: 41px;\n--wpforms-button-size-padding-h: 15px;\n--wpforms-button-size-margin-top: 10px;\n--wpforms-container-shadow-size-box-shadow: none;\n\t\t\t}\n\t\t\t<\/style><div class=\"wpforms-container wpforms-container-full wpforms-render-modern\" id=\"wpforms-5395\"><form id=\"wpforms-form-5395\" class=\"wpforms-validate wpforms-form wpforms-ajax-form\" data-formid=\"5395\" method=\"post\" enctype=\"multipart\/form-data\" action=\"\/wopr\/index.php?rest_route=%2Fwp%2Fv2%2Fpages%2F359\" data-token=\"0ff594752e130745c8a1d213db455163\" data-token-time=\"1777473088\"><noscript class=\"wpforms-error-noscript\">Veuillez activer JavaScript dans votre navigateur pour remplir ce formulaire.<\/noscript><div id=\"wpforms-error-noscript\" style=\"display: none;\">Veuillez activer JavaScript dans votre navigateur pour remplir ce formulaire.<\/div><div class=\"wpforms-field-container\"><div id=\"wpforms-5395-field_1-container\" class=\"wpforms-field wpforms-field-name\" data-field-id=\"1\"><fieldset><legend class=\"wpforms-field-label\">Vos coordonn\u00e9es: <span class=\"wpforms-required-label\" aria-hidden=\"true\">*<\/span><\/legend><div class=\"wpforms-field-row wpforms-field-medium\"><div class=\"wpforms-field-row-block wpforms-first wpforms-one-half\"><input type=\"text\" id=\"wpforms-5395-field_1\" class=\"wpforms-field-name-first wpforms-field-required\" name=\"wpforms[fields][1][first]\" aria-errormessage=\"wpforms-5395-field_1-error\" aria-describedby=\"wpforms-5395-field_1-description\" required><label for=\"wpforms-5395-field_1\" class=\"wpforms-field-sublabel after\">Pr\u00e9nom<\/label><\/div><div class=\"wpforms-field-row-block wpforms-one-half\"><input type=\"text\" id=\"wpforms-5395-field_1-last\" class=\"wpforms-field-name-last wpforms-field-required\" name=\"wpforms[fields][1][last]\" aria-errormessage=\"wpforms-5395-field_1-last-error\" aria-describedby=\"wpforms-5395-field_1-description\" required><label for=\"wpforms-5395-field_1-last\" class=\"wpforms-field-sublabel after\">Nom<\/label><\/div><\/div><div id=\"wpforms-5395-field_1-description\" class=\"wpforms-field-description\">Saisie obligatoire<\/div><\/fieldset><\/div><div id=\"wpforms-5395-field_6-container\" class=\"wpforms-field wpforms-field-text\" data-field-id=\"6\"><label class=\"wpforms-field-label\" for=\"wpforms-5395-field_6\">VILLE <span class=\"wpforms-required-label\" aria-hidden=\"true\">*<\/span><\/label><input type=\"text\" id=\"wpforms-5395-field_6\" class=\"wpforms-field-medium wpforms-field-required\" name=\"wpforms[fields][6]\" aria-errormessage=\"wpforms-5395-field_6-error\" aria-describedby=\"wpforms-5395-field_6-description\" required><div id=\"wpforms-5395-field_6-description\" class=\"wpforms-field-description\">Saisie obligatoire<\/div><\/div>\t\t<div id=\"wpforms-5395-field_4-container\"\n\t\t\tclass=\"wpforms-field wpforms-field-text\"\n\t\t\tdata-field-type=\"text\"\n\t\t\tdata-field-id=\"4\"\n\t\t\t>\n\t\t\t<label class=\"wpforms-field-label\" for=\"wpforms-5395-field_4\" >n\u00e9cessaire 98 vous<\/label>\n\t\t\t<input type=\"text\" id=\"wpforms-5395-field_4\" class=\"wpforms-field-medium\" name=\"wpforms[fields][4]\" >\n\t\t<\/div>\n\t\t<div id=\"wpforms-5395-field_11-container\" class=\"wpforms-field wpforms-field-text\" data-field-id=\"11\"><label class=\"wpforms-field-label\" for=\"wpforms-5395-field_11\">Code postal <span class=\"wpforms-required-label\" aria-hidden=\"true\">*<\/span><\/label><input type=\"text\" id=\"wpforms-5395-field_11\" class=\"wpforms-field-medium wpforms-field-required\" name=\"wpforms[fields][11]\" aria-errormessage=\"wpforms-5395-field_11-error\" aria-describedby=\"wpforms-5395-field_11-description\" required><div id=\"wpforms-5395-field_11-description\" class=\"wpforms-field-description\">Saisie obligatoire<\/div><\/div><div id=\"wpforms-5395-field_2-container\" class=\"wpforms-field wpforms-field-email\" data-field-id=\"2\"><label class=\"wpforms-field-label\" for=\"wpforms-5395-field_2\">E-mail <span class=\"wpforms-required-label\" aria-hidden=\"true\">*<\/span><\/label><input type=\"email\" id=\"wpforms-5395-field_2\" class=\"wpforms-field-medium wpforms-field-required\" name=\"wpforms[fields][2]\" spellcheck=\"false\" aria-errormessage=\"wpforms-5395-field_2-error\" required><\/div><div id=\"wpforms-5395-field_9-container\" class=\"wpforms-field wpforms-field-text\" data-field-id=\"9\"><label class=\"wpforms-field-label\" for=\"wpforms-5395-field_9\">Votre t\u00e9l\u00e9phone si vous souhaitez que l&#039;on vous appelle.<\/label><input type=\"text\" id=\"wpforms-5395-field_9\" class=\"wpforms-field-medium\" name=\"wpforms[fields][9]\" aria-errormessage=\"wpforms-5395-field_9-error\" ><\/div><div id=\"wpforms-5395-field_5-container\" class=\"wpforms-field wpforms-field-checkbox\" data-field-id=\"5\"><fieldset><legend class=\"wpforms-field-label\">Cases \u00e0 cocher <span class=\"wpforms-required-label\" aria-hidden=\"true\">*<\/span><\/legend><ul id=\"wpforms-5395-field_5\" class=\"wpforms-field-required\"><li class=\"choice-1 depth-1\"><input type=\"checkbox\" id=\"wpforms-5395-field_5_1\" name=\"wpforms[fields][5][]\" value=\"Les modules en version ENT\" aria-errormessage=\"wpforms-5395-field_5_1-error\" required ><label class=\"wpforms-field-label-inline\" for=\"wpforms-5395-field_5_1\">Les modules en version ENT<\/label><\/li><li class=\"choice-2 depth-1\"><input type=\"checkbox\" id=\"wpforms-5395-field_5_2\" name=\"wpforms[fields][5][]\" value=\"Les savoirs de base\" aria-errormessage=\"wpforms-5395-field_5_2-error\" required ><label class=\"wpforms-field-label-inline\" for=\"wpforms-5395-field_5_2\">Les savoirs de base<\/label><\/li><li class=\"choice-3 depth-1\"><input type=\"checkbox\" id=\"wpforms-5395-field_5_3\" name=\"wpforms[fields][5][]\" value=\"Les m\u00e9tiers du Commerce et de la Distribution\" aria-errormessage=\"wpforms-5395-field_5_3-error\" required ><label class=\"wpforms-field-label-inline\" for=\"wpforms-5395-field_5_3\">Les m\u00e9tiers du Commerce et de la Distribution<\/label><\/li><li class=\"choice-4 depth-1\"><input type=\"checkbox\" id=\"wpforms-5395-field_5_4\" name=\"wpforms[fields][5][]\" value=\"Les m\u00e9tiers du B\u00e2timent\" aria-errormessage=\"wpforms-5395-field_5_4-error\" required ><label class=\"wpforms-field-label-inline\" for=\"wpforms-5395-field_5_4\">Les m\u00e9tiers du B\u00e2timent<\/label><\/li><li class=\"choice-5 depth-1\"><input type=\"checkbox\" id=\"wpforms-5395-field_5_5\" name=\"wpforms[fields][5][]\" value=\"Les m\u00e9tiers de la Restauration\" aria-errormessage=\"wpforms-5395-field_5_5-error\" required ><label class=\"wpforms-field-label-inline\" for=\"wpforms-5395-field_5_5\">Les m\u00e9tiers de la Restauration<\/label><\/li><li class=\"choice-6 depth-1\"><input type=\"checkbox\" id=\"wpforms-5395-field_5_6\" name=\"wpforms[fields][5][]\" value=\"Hygi\u00e8ne et s\u00e9curit\u00e9 en entreprise\" aria-errormessage=\"wpforms-5395-field_5_6-error\" required ><label class=\"wpforms-field-label-inline\" for=\"wpforms-5395-field_5_6\">Hygi\u00e8ne et s\u00e9curit\u00e9 en entreprise<\/label><\/li><li class=\"choice-7 depth-1\"><input type=\"checkbox\" id=\"wpforms-5395-field_5_7\" name=\"wpforms[fields][5][]\" value=\"Demande particuli\u00e8re\" aria-errormessage=\"wpforms-5395-field_5_7-error\" required ><label class=\"wpforms-field-label-inline\" for=\"wpforms-5395-field_5_7\">Demande particuli\u00e8re<\/label><\/li><\/ul><\/fieldset><\/div><div id=\"wpforms-5395-field_3-container\" class=\"wpforms-field wpforms-field-textarea\" data-field-id=\"3\"><label class=\"wpforms-field-label\" for=\"wpforms-5395-field_3\">Pr\u00e9cisez votre demande si n\u00e9cessaire :<\/label><textarea id=\"wpforms-5395-field_3\" class=\"wpforms-field-medium\" name=\"wpforms[fields][3]\" aria-errormessage=\"wpforms-5395-field_3-error\" ><\/textarea><\/div><div id=\"wpforms-5395-field_7-container\" class=\"wpforms-field wpforms-field-text\" data-field-id=\"7\"><label class=\"wpforms-field-label\" for=\"wpforms-5395-field_7\">Souhaitez vous que notre d\u00e9l\u00e9gu\u00e9 commercial  vous appelle : Christophe Beaune, (06 98 32 86 78)<\/label><input type=\"text\" id=\"wpforms-5395-field_7\" class=\"wpforms-field-medium\" name=\"wpforms[fields][7]\" aria-errormessage=\"wpforms-5395-field_7-error\" aria-describedby=\"wpforms-5395-field_7-description\" ><div id=\"wpforms-5395-field_7-description\" class=\"wpforms-field-description\">R\u00e9pondez par Oui ou Non<\/div><\/div><script>\n\t\t\t\t( function() {\n\t\t\t\t\tconst style = document.createElement( 'style' );\n\t\t\t\t\tstyle.appendChild( document.createTextNode( '#wpforms-5395-field_4-container { position: absolute !important; overflow: hidden !important; display: inline !important; height: 1px !important; width: 1px !important; z-index: -1000 !important; padding: 0 !important; } #wpforms-5395-field_4-container input { visibility: hidden; } #wpforms-conversational-form-page #wpforms-5395-field_4-container label { counter-increment: none; }' ) );\n\t\t\t\t\tdocument.head.appendChild( style );\n\t\t\t\t\tdocument.currentScript?.remove();\n\t\t\t\t} )();\n\t\t\t<\/script><\/div><!-- .wpforms-field-container --><div class=\"wpforms-submit-container\" ><input type=\"hidden\" name=\"wpforms[id]\" value=\"5395\"><input type=\"hidden\" name=\"page_title\" value=\"\"><input type=\"hidden\" name=\"page_url\" value=\"https:\/\/lecampusnumerique.fr\/wopr\/index.php?rest_route=\/wp\/v2\/pages\/359\"><input type=\"hidden\" name=\"url_referer\" value=\"\"><button type=\"submit\" name=\"wpforms[submit]\" id=\"wpforms-submit-5395\" class=\"wpforms-submit\" data-alt-text=\"Envoi...\" data-submit-text=\"Envoyer\" aria-live=\"assertive\" value=\"wpforms-submit\">Envoyer<\/button><img loading=\"lazy\" decoding=\"async\" src=\"https:\/\/lecampusnumerique.fr\/wopr\/wp-content\/plugins\/wpforms-lite\/assets\/images\/submit-spin.svg\" class=\"wpforms-submit-spinner\" style=\"display: none;\" width=\"26\" height=\"26\" alt=\"Chargement en cours\"><\/div><\/form><\/div>  <!-- .wpforms-container -->\n","protected":false},"excerpt":{"rendered":"Veuillez activer JavaScript dans votre navigateur pour remplir ce formulaire.Veuillez activer JavaScript dans votre navigateur pour remplir ce formulaire.Vos coordonn\u00e9es: *Pr\u00e9nomNomSaisie obligatoire d\u00e9l\u00e9gu\u00e9 l&#039;on que VILLE *Saisie obligatoireCode postal *Saisie obligatoireE-mail *Votre t\u00e9l\u00e9phone si vous souhaitez que l&#039;on vous appelle.Cases \u00e0 cocher *Les modules en version ENTLes savoirs de baseLes m\u00e9tiers du Commerce et de [...]","protected":false},"author":1,"featured_media":0,"parent":0,"menu_order":0,"comment_status":"closed","ping_status":"closed","template":"","meta":{"footnotes":""},"class_list":["post-359","page","type-page","status-publish","hentry","wpbf-post"],"_links":{"self":[{"href":"https:\/\/lecampusnumerique.fr\/wopr\/index.php?rest_route=\/wp\/v2\/pages\/359","targetHints":{"allow":["GET"]}}],"collection":[{"href":"https:\/\/lecampusnumerique.fr\/wopr\/index.php?rest_route=\/wp\/v2\/pages"}],"about":[{"href":"https:\/\/lecampusnumerique.fr\/wopr\/index.php?rest_route=\/wp\/v2\/types\/page"}],"author":[{"embeddable":true,"href":"https:\/\/lecampusnumerique.fr\/wopr\/index.php?rest_route=\/wp\/v2\/users\/1"}],"replies":[{"embeddable":true,"href":"https:\/\/lecampusnumerique.fr\/wopr\/index.php?rest_route=%2Fwp%2Fv2%2Fcomments&post=359"}],"version-history":[{"count":9,"href":"https:\/\/lecampusnumerique.fr\/wopr\/index.php?rest_route=\/wp\/v2\/pages\/359\/revisions"}],"predecessor-version":[{"id":5406,"href":"https:\/\/lecampusnumerique.fr\/wopr\/index.php?rest_route=\/wp\/v2\/pages\/359\/revisions\/5406"}],"wp:attachment":[{"href":"https:\/\/lecampusnumerique.fr\/wopr\/index.php?rest_route=%2Fwp%2Fv2%2Fmedia&parent=359"}],"curies":[{"name":"wp","href":"https:\/\/api.w.org\/{rel}","templated":true}]}}