{"id":483,"date":"2019-11-11T06:21:58","date_gmt":"2019-11-11T06:21:58","guid":{"rendered":"https:\/\/lecampusnumerique.fr\/wopr\/?page_id=483"},"modified":"2019-12-03T03:23:08","modified_gmt":"2019-12-03T03:23:08","slug":"nos-solutions-de-diffusion","status":"publish","type":"page","link":"https:\/\/lecampusnumerique.fr\/wopr\/?page_id=483","title":{"rendered":"Quelles solutions Elearning pour nos ressources ?"},"content":{"rendered":"<div class=\"wpb-content-wrapper\"><p>[vc_row][vc_column][vc_single_image image=\u00a0\u00bb1434&Prime; img_size=\u00a0\u00bbfull\u00a0\u00bb alignment=\u00a0\u00bbcenter\u00a0\u00bb][\/vc_column][\/vc_row][vc_row][vc_column][vc_column_text]<\/p>\n<table style=\"border-collapse: collapse; width: 100%;\">\n<tbody>\n<tr>\n<td style=\"width: 100%;\">\n<h4 style=\"text-align: center;\"><span style=\"color: #993366; font-family: arial, helvetica, sans-serif;\">Tous nos modules de formation respectent les normes <strong>SCORM, AICC.\u00a0<\/strong><\/span><span style=\"color: #993366; font-family: arial, helvetica, sans-serif;\"><strong>Ils peuvent donc \u00eatre int\u00e9gr\u00e9s \u00e0 votre plateforme LMS <\/strong>(ELMG Talensoft, moodle, chamilo, etc&#8230;..).<\/span><\/h4>\n<\/td>\n<\/tr>\n<tr>\n<td style=\"width: 100%;\">\n<h3 style=\"text-align: center;\"><strong><span style=\"font-family: arial, helvetica, sans-serif; color: #3366ff;\">Si vous ne poss\u00e9dez pas\u00a0<\/span><\/strong><strong><span style=\"font-family: arial, helvetica, sans-serif; color: #3366ff;\">de <\/span><\/strong><strong><span style=\"font-family: arial, helvetica, sans-serif; color: #3366ff;\">plateforme LMS,\u00a0<\/span><\/strong><strong><span style=\"font-family: arial, helvetica, sans-serif; color: #3366ff;\">d\u00e9couvrez notre solution en cliquant sur ce logo.<\/span><\/strong><\/h3>\n<\/td>\n<\/tr>\n<\/tbody>\n<\/table>\n<h3 style=\"text-align: center;\"><a href=\"https:\/\/lecampusnumerique.fr\/wopr\/?product=notre-campus-numerique\" target=\"_blank\" rel=\"noopener noreferrer\"><img loading=\"lazy\" decoding=\"async\" class=\"size-full wp-image-1073 aligncenter\" src=\"https:\/\/lecampusnumerique.fr\/wopr\/wp-content\/uploads\/2019\/11\/campus.png\" alt=\"\" width=\"298\" height=\"215\" srcset=\"https:\/\/lecampusnumerique.fr\/wopr\/wp-content\/uploads\/2019\/11\/campus.png 298w, https:\/\/lecampusnumerique.fr\/wopr\/wp-content\/uploads\/2019\/11\/campus-250x180.png 250w\" sizes=\"auto, (max-width: 298px) 100vw, 298px\" \/><\/a><\/h3>\n<p>[\/vc_column_text][\/vc_column][\/vc_row]<\/p>\n<\/div>","protected":false},"excerpt":{"rendered":"<p>[vc_row][vc_column][vc_single_image image=\u00a0\u00bb1434&Prime; img_size=\u00a0\u00bbfull\u00a0\u00bb alignment=\u00a0\u00bbcenter\u00a0\u00bb][\/vc_column][\/vc_row][vc_row][vc_column][vc_column_text] Tous nos modules de formation respectent les normes SCORM, AICC.\u00a0Ils peuvent donc \u00eatre int\u00e9gr\u00e9s \u00e0 votre plateforme LMS (ELMG Talensoft, moodle, chamilo, etc&#8230;..). Si vous ne poss\u00e9dez pas\u00a0de plateforme LMS,\u00a0d\u00e9couvrez notre solution en cliquant sur ce logo. [\/vc_column_text][\/vc_column][\/vc_row]<\/p>\n","protected":false},"author":1,"featured_media":0,"parent":0,"menu_order":0,"comment_status":"closed","ping_status":"closed","template":"","meta":{"footnotes":""},"class_list":["post-483","page","type-page","status-publish","hentry","wpbf-post"],"_links":{"self":[{"href":"https:\/\/lecampusnumerique.fr\/wopr\/index.php?rest_route=\/wp\/v2\/pages\/483","targetHints":{"allow":["GET"]}}],"collection":[{"href":"https:\/\/lecampusnumerique.fr\/wopr\/index.php?rest_route=\/wp\/v2\/pages"}],"about":[{"href":"https:\/\/lecampusnumerique.fr\/wopr\/index.php?rest_route=\/wp\/v2\/types\/page"}],"author":[{"embeddable":true,"href":"https:\/\/lecampusnumerique.fr\/wopr\/index.php?rest_route=\/wp\/v2\/users\/1"}],"replies":[{"embeddable":true,"href":"https:\/\/lecampusnumerique.fr\/wopr\/index.php?rest_route=%2Fwp%2Fv2%2Fcomments&post=483"}],"version-history":[{"count":29,"href":"https:\/\/lecampusnumerique.fr\/wopr\/index.php?rest_route=\/wp\/v2\/pages\/483\/revisions"}],"predecessor-version":[{"id":1977,"href":"https:\/\/lecampusnumerique.fr\/wopr\/index.php?rest_route=\/wp\/v2\/pages\/483\/revisions\/1977"}],"wp:attachment":[{"href":"https:\/\/lecampusnumerique.fr\/wopr\/index.php?rest_route=%2Fwp%2Fv2%2Fmedia&parent=483"}],"curies":[{"name":"wp","href":"https:\/\/api.w.org\/{rel}","templated":true}]}}