{"id":4916,"date":"2020-10-14T09:43:24","date_gmt":"2020-10-14T09:43:24","guid":{"rendered":"https:\/\/lecampusnumerique.fr\/wopr\/?page_id=4916"},"modified":"2025-10-29T10:34:13","modified_gmt":"2025-10-29T10:34:13","slug":"doc-campus-numerique","status":"publish","type":"page","link":"https:\/\/lecampusnumerique.fr\/wopr\/?page_id=4916","title":{"rendered":"Documentations d\u00e9taill\u00e9es sur nos produits"},"content":{"rendered":"<table style=\"height: 641px; width: 100.586%; border-collapse: collapse;\">\n<tbody>\n<tr style=\"height: 90px;\">\n<td style=\"height: 10px; background-color: #e1e6fa; text-align: center; width: 88.2746%;\" colspan=\"5\">\n<h2><strong>Domaine g\u00e9n\u00e9ral : Savoirs de base<\/strong><\/h2>\n<\/td>\n<\/tr>\n<tr style=\"height: 24px;\">\n<td style=\"width: 18.7873%; height: 10px; background-color: #fcfae1;\"><a href=\"https:\/\/lecampusnumerique.fr\/wopr\/wp-content\/uploads\/2021\/12\/G5_guide2022_FRANCAIS.pdf\"><img loading=\"lazy\" decoding=\"async\" class=\"aligncenter wp-image-4918\" src=\"https:\/\/lecampusnumerique.fr\/wopr\/wp-content\/uploads\/2020\/10\/logo2_PDF.png\" alt=\"\" width=\"100\" height=\"100\" srcset=\"https:\/\/lecampusnumerique.fr\/wopr\/wp-content\/uploads\/2020\/10\/logo2_PDF.png 250w, https:\/\/lecampusnumerique.fr\/wopr\/wp-content\/uploads\/2020\/10\/logo2_PDF-150x150.png 150w\" sizes=\"auto, (max-width: 100px) 100vw, 100px\" \/><\/a><\/p>\n<h4 style=\"text-align: center;\">Expression Fran\u00e7aise<\/h4>\n<\/td>\n<td style=\"width: 17.8191%; height: 10px; background-color: #ebdada;\"><a href=\"https:\/\/lecampusnumerique.fr\/wopr\/wp-content\/uploads\/2020\/10\/G5_guide2021_MATHS_numerique.pdf\"><img loading=\"lazy\" decoding=\"async\" class=\"aligncenter wp-image-4918\" src=\"https:\/\/lecampusnumerique.fr\/wopr\/wp-content\/uploads\/2020\/10\/logo2_PDF.png\" alt=\"\" width=\"100\" height=\"100\" srcset=\"https:\/\/lecampusnumerique.fr\/wopr\/wp-content\/uploads\/2020\/10\/logo2_PDF.png 250w, https:\/\/lecampusnumerique.fr\/wopr\/wp-content\/uploads\/2020\/10\/logo2_PDF-150x150.png 150w\" sizes=\"auto, (max-width: 100px) 100vw, 100px\" \/><\/a><\/p>\n<h4 style=\"text-align: center;\">Math\u00e9matiques Num\u00e9rique<\/h4>\n<\/td>\n<td style=\"width: 19.4536%; height: 10px; background-color: #fcfae1;\">\n<h2><a href=\"https:\/\/lecampusnumerique.fr\/wopr\/wp-content\/uploads\/2020\/10\/G5_guide2021_MATHS_geometrie.pdf\"><img loading=\"lazy\" decoding=\"async\" class=\"aligncenter wp-image-4918\" src=\"https:\/\/lecampusnumerique.fr\/wopr\/wp-content\/uploads\/2020\/10\/logo2_PDF.png\" alt=\"\" width=\"100\" height=\"100\" srcset=\"https:\/\/lecampusnumerique.fr\/wopr\/wp-content\/uploads\/2020\/10\/logo2_PDF.png 250w, https:\/\/lecampusnumerique.fr\/wopr\/wp-content\/uploads\/2020\/10\/logo2_PDF-150x150.png 150w\" sizes=\"auto, (max-width: 100px) 100vw, 100px\" \/><\/a><\/h2>\n<h4 style=\"text-align: center;\">Math\u00e9matiques G\u00e9om\u00e9trie<\/h4>\n<\/td>\n<td style=\"width: 14.4834%; height: 10px; background-color: #ebdada;\"><a href=\"https:\/\/lecampusnumerique.fr\/wopr\/wp-content\/uploads\/2025\/10\/2026_G5_guideVQPSE.pdf\"><img loading=\"lazy\" decoding=\"async\" class=\"aligncenter wp-image-4918\" src=\"https:\/\/lecampusnumerique.fr\/wopr\/wp-content\/uploads\/2020\/10\/logo2_PDF.png\" alt=\"\" width=\"100\" height=\"100\" srcset=\"https:\/\/lecampusnumerique.fr\/wopr\/wp-content\/uploads\/2020\/10\/logo2_PDF.png 250w, https:\/\/lecampusnumerique.fr\/wopr\/wp-content\/uploads\/2020\/10\/logo2_PDF-150x150.png 150w\" sizes=\"auto, (max-width: 100px) 100vw, 100px\" \/><\/a><\/p>\n<h4 style=\"text-align: center;\">Vie Quotidienne- Pr\u00e9vention Sant\u00e9 Environnement<\/h4>\n<\/td>\n<td style=\"width: 17.7312%; height: 10px; background-color: #fcfae1;\"><a href=\"https:\/\/lecampusnumerique.fr\/wopr\/wp-content\/uploads\/2019\/11\/Generation5_guide_ANGLAIS_7_1_3.pdf\"><img loading=\"lazy\" decoding=\"async\" class=\"aligncenter wp-image-4918\" src=\"https:\/\/lecampusnumerique.fr\/wopr\/wp-content\/uploads\/2020\/10\/logo2_PDF.png\" alt=\"\" width=\"100\" height=\"100\" srcset=\"https:\/\/lecampusnumerique.fr\/wopr\/wp-content\/uploads\/2020\/10\/logo2_PDF.png 250w, https:\/\/lecampusnumerique.fr\/wopr\/wp-content\/uploads\/2020\/10\/logo2_PDF-150x150.png 150w\" sizes=\"auto, (max-width: 100px) 100vw, 100px\" \/><\/a><\/p>\n<h4 style=\"text-align: center;\">Anglais Bases<\/h4>\n<\/td>\n<\/tr>\n<tr style=\"height: 84px;\">\n<td style=\"background-color: #e3f8b6; width: 88.2746%; text-align: center; height: 21px;\" colspan=\"5\">\n<table style=\"border-collapse: collapse; width: 100%;\">\n<tbody>\n<tr>\n<td style=\"width: 100%;\">\n<h3><strong>Math\u00e9matiques \u00e9co-responsables : Evaluations<\/strong><\/h3>\n<h2><a href=\"https:\/\/lecampusnumerique.fr\/wopr\/wp-content\/uploads\/2024\/06\/2024_mateco_descriptif.pdf\"><strong><img loading=\"lazy\" decoding=\"async\" class=\"alignnone wp-image-4918\" src=\"https:\/\/lecampusnumerique.fr\/wopr\/wp-content\/uploads\/2020\/10\/logo2_PDF.png\" alt=\"\" width=\"131\" height=\"131\" srcset=\"https:\/\/lecampusnumerique.fr\/wopr\/wp-content\/uploads\/2020\/10\/logo2_PDF.png 250w, https:\/\/lecampusnumerique.fr\/wopr\/wp-content\/uploads\/2020\/10\/logo2_PDF-150x150.png 150w\" sizes=\"auto, (max-width: 131px) 100vw, 131px\" \/><\/strong><\/a><\/h2>\n<\/td>\n<\/tr>\n<\/tbody>\n<\/table>\n<h2><strong>Domaine g\u00e9n\u00e9ral (suite)<\/strong><\/h2>\n<\/td>\n<\/tr>\n<tr style=\"height: 127px;\">\n<td style=\"height: 33px; width: 56.06%; background-color: #f7dcc1;\" colspan=\"3\">\n<h2 style=\"text-align: center;\"><span style=\"color: #3366ff; background-color: #ffffff;\"><strong>Pr\u00e9paration \u00e0 l&rsquo;examen (\u00e9valuations)<\/strong><\/span><\/h2>\n<\/td>\n<td style=\"width: 14.4834%; height: 33px; background-color: #ebdada;\">\n<h2 class=\"product_title entry-title\" style=\"text-align: center;\"><span style=\"color: #000000; background-color: #ffffff;\"><strong>illettrisme<\/strong><\/span><span style=\"color: #3366ff; background-color: #ffffff;\"><strong>\u00a0<\/strong><\/span><\/h2>\n<\/td>\n<td style=\"width: 17.7312%; height: 33px; background-color: #fcfae1;\">\n<h2 style=\"text-align: center;\">Anglais Bac.Pro<\/h2>\n<\/td>\n<\/tr>\n<tr style=\"height: 23px;\">\n<td style=\"width: 18.7873%; height: 10px; background-color: #f7dcc1;\"><a href=\"https:\/\/lecampusnumerique.fr\/wopr\/wp-content\/uploads\/2023\/03\/2023_G5_guide_mat_evaluations.pdf\"><img loading=\"lazy\" decoding=\"async\" class=\"aligncenter wp-image-4918\" src=\"https:\/\/lecampusnumerique.fr\/wopr\/wp-content\/uploads\/2020\/10\/logo2_PDF.png\" alt=\"\" width=\"100\" height=\"100\" srcset=\"https:\/\/lecampusnumerique.fr\/wopr\/wp-content\/uploads\/2020\/10\/logo2_PDF.png 250w, https:\/\/lecampusnumerique.fr\/wopr\/wp-content\/uploads\/2020\/10\/logo2_PDF-150x150.png 150w\" sizes=\"auto, (max-width: 100px) 100vw, 100px\" \/><\/a><\/p>\n<h4 style=\"text-align: center;\">Math\u00e9matiques CAP<\/h4>\n<\/td>\n<td style=\"width: 17.8191%; height: 10px; background-color: #f7dcc1;\"><a href=\"https:\/\/lecampusnumerique.fr\/wopr\/wp-content\/uploads\/2023\/03\/2023_guide_physique_chimie.pdf\"><img loading=\"lazy\" decoding=\"async\" class=\"aligncenter wp-image-4918\" src=\"https:\/\/lecampusnumerique.fr\/wopr\/wp-content\/uploads\/2020\/10\/logo2_PDF.png\" alt=\"\" width=\"100\" height=\"100\" srcset=\"https:\/\/lecampusnumerique.fr\/wopr\/wp-content\/uploads\/2020\/10\/logo2_PDF.png 250w, https:\/\/lecampusnumerique.fr\/wopr\/wp-content\/uploads\/2020\/10\/logo2_PDF-150x150.png 150w\" sizes=\"auto, (max-width: 100px) 100vw, 100px\" \/><\/a><\/p>\n<h4 style=\"text-align: center;\">Physique Chimie CAP<\/h4>\n<\/td>\n<td style=\"height: 10px; width: 19.4536%; background-color: #f7dcc1;\">\n<h2><a href=\"https:\/\/lecampusnumerique.fr\/wopr\/wp-content\/uploads\/2022\/12\/G5_guide2023_HGEMC.pdf\"><img loading=\"lazy\" decoding=\"async\" class=\"aligncenter wp-image-4918\" src=\"https:\/\/lecampusnumerique.fr\/wopr\/wp-content\/uploads\/2020\/10\/logo2_PDF.png\" alt=\"\" width=\"100\" height=\"100\" srcset=\"https:\/\/lecampusnumerique.fr\/wopr\/wp-content\/uploads\/2020\/10\/logo2_PDF.png 250w, https:\/\/lecampusnumerique.fr\/wopr\/wp-content\/uploads\/2020\/10\/logo2_PDF-150x150.png 150w\" sizes=\"auto, (max-width: 100px) 100vw, 100px\" \/><\/a><\/h2>\n<h4 style=\"text-align: center;\">Histoire<\/h4>\n<h4 style=\"text-align: center;\">G\u00e9ographie<\/h4>\n<h4 style=\"text-align: center;\">EMC Bac. Pro.<\/h4>\n<\/td>\n<td style=\"width: 14.4834%; height: 10px; background-color: #ebdada;\">\n<h1 style=\"text-align: center;\"><a href=\"https:\/\/lecampusnumerique.fr\/wopr\/wp-content\/uploads\/2019\/11\/guidevocabaseJUILLET2017.pdf\"><img loading=\"lazy\" decoding=\"async\" class=\"aligncenter wp-image-4918\" src=\"https:\/\/lecampusnumerique.fr\/wopr\/wp-content\/uploads\/2020\/10\/logo2_PDF.png\" alt=\"\" width=\"100\" height=\"100\" srcset=\"https:\/\/lecampusnumerique.fr\/wopr\/wp-content\/uploads\/2020\/10\/logo2_PDF.png 250w, https:\/\/lecampusnumerique.fr\/wopr\/wp-content\/uploads\/2020\/10\/logo2_PDF-150x150.png 150w\" sizes=\"auto, (max-width: 100px) 100vw, 100px\" \/><\/a><\/h1>\n<h4 style=\"text-align: center;\"><span style=\"color: #333333;\">(apprentissage du fran\u00e7ais) VOCABASE<\/span><\/h4>\n<\/td>\n<td style=\"width: 17.7312%; height: 10px; background-color: #fcfae1;\">\n<h1 style=\"text-align: center;\"><a href=\"https:\/\/lecampusnumerique.fr\/wopr\/wp-content\/uploads\/2022\/04\/objectifs_A2B1.pdf\"><img loading=\"lazy\" decoding=\"async\" class=\"aligncenter wp-image-4918\" src=\"https:\/\/lecampusnumerique.fr\/wopr\/wp-content\/uploads\/2020\/10\/logo2_PDF.png\" alt=\"\" width=\"100\" height=\"100\" srcset=\"https:\/\/lecampusnumerique.fr\/wopr\/wp-content\/uploads\/2020\/10\/logo2_PDF.png 250w, https:\/\/lecampusnumerique.fr\/wopr\/wp-content\/uploads\/2020\/10\/logo2_PDF-150x150.png 150w\" sizes=\"auto, (max-width: 100px) 100vw, 100px\" \/><\/a><\/h1>\n<h4 class=\"product_title entry-title\" style=\"text-align: center;\"><span style=\"background-color: #ffffff;\"><span style=\"color: #000000;\">Anglais-Compr\u00e9hension de l\u2019\u00e9crit (A<\/span><span style=\"color: #000000;\">2 et B1 du CECRL)<\/span><\/span><\/h4>\n<\/td>\n<\/tr>\n<tr style=\"height: 23px;\">\n<td style=\"height: 10px; width: 56.06%; background-color: #efebe2;\" colspan=\"3\">\n<h4 class=\"product_title entry-title\" style=\"text-align: right;\">Sciences : Biologie- Chimie- Physique\u00a0niveau III<\/h4>\n<h1 style=\"text-align: right;\"><\/h1>\n<h1 style=\"text-align: center;\"><\/h1>\n<\/td>\n<td style=\"width: 32.2146%; height: 10px; background-color: #efebe2;\" colspan=\"2\">\n<h1 style=\"text-align: center;\"><a href=\"https:\/\/lecampusnumerique.fr\/wopr\/wp-content\/uploads\/2022\/12\/guide_Bio_phys_chimie.pdf\"><img loading=\"lazy\" decoding=\"async\" class=\"alignleft wp-image-4918\" src=\"https:\/\/lecampusnumerique.fr\/wopr\/wp-content\/uploads\/2020\/10\/logo2_PDF.png\" alt=\"\" width=\"100\" height=\"100\" srcset=\"https:\/\/lecampusnumerique.fr\/wopr\/wp-content\/uploads\/2020\/10\/logo2_PDF.png 250w, https:\/\/lecampusnumerique.fr\/wopr\/wp-content\/uploads\/2020\/10\/logo2_PDF-150x150.png 150w\" sizes=\"auto, (max-width: 100px) 100vw, 100px\" \/><\/a><\/h1>\n<h1 style=\"text-align: center;\"><\/h1>\n<\/td>\n<\/tr>\n<tr style=\"height: 106px;\">\n<td style=\"width: 88.2746%; height: 67px; background-color: #e1e6fa; border-color: #5467e8;\" colspan=\"5\">\n<h2 style=\"text-align: center;\"><span style=\"background-color: #e1e6fa;\"><strong>Domaine Professionnel<\/strong><\/span><\/h2>\n<\/td>\n<\/tr>\n<tr style=\"height: 86px;\">\n<td style=\"width: 18.7873%; background-color: #fcfae1; height: 86px;\">\n<h2 style=\"text-align: center;\"><strong>Commerce-Distribution<\/strong><\/h2>\n<\/td>\n<td style=\"width: 17.8191%; background-color: #ebdada; height: 86px;\">\n<h2 style=\"text-align: center;\"><strong>Employ\u00e9 Polyvalent du Commerce et de la Distribution<\/strong><\/h2>\n<\/td>\n<td style=\"width: 19.4536%; background-color: #fcfae1; height: 86px;\">\n<h2 style=\"text-align: center;\"><strong>Comptabilit\u00e9<\/strong><\/h2>\n<\/td>\n<td style=\"width: 32.2146%; background-color: #c8e6e3; height: 86px;\" colspan=\"2\">\n<h2 style=\"text-align: center;\"><strong>M\u00e9tiers de l&rsquo;alimentation et de la restauration<\/strong><\/h2>\n<\/td>\n<\/tr>\n<tr style=\"height: 84px;\">\n<td style=\"height: 84px; width: 18.7873%; background-color: #fcfae1;\">\n<h1 style=\"text-align: center;\"><a href=\"https:\/\/lecampusnumerique.fr\/wopr\/wp-content\/uploads\/2021\/06\/doc_codis2021.pdf\"><img loading=\"lazy\" decoding=\"async\" class=\"aligncenter wp-image-4918\" src=\"https:\/\/lecampusnumerique.fr\/wopr\/wp-content\/uploads\/2020\/10\/logo2_PDF.png\" alt=\"\" width=\"100\" height=\"100\" srcset=\"https:\/\/lecampusnumerique.fr\/wopr\/wp-content\/uploads\/2020\/10\/logo2_PDF.png 250w, https:\/\/lecampusnumerique.fr\/wopr\/wp-content\/uploads\/2020\/10\/logo2_PDF-150x150.png 150w\" sizes=\"auto, (max-width: 100px) 100vw, 100px\" \/><\/a><\/h1>\n<h4 style=\"text-align: center;\">CODIS<\/h4>\n<\/td>\n<td style=\"width: 17.8191%; background-color: #ebdada; height: 84px;\">\n<h1 style=\"text-align: center;\"><a href=\"https:\/\/lecampusnumerique.fr\/wopr\/wp-content\/uploads\/2022\/12\/guide_formation_EPCD.pdf\"><img loading=\"lazy\" decoding=\"async\" class=\"wp-image-4918 aligncenter\" src=\"https:\/\/lecampusnumerique.fr\/wopr\/wp-content\/uploads\/2020\/10\/logo2_PDF.png\" alt=\"\" width=\"100\" height=\"100\" srcset=\"https:\/\/lecampusnumerique.fr\/wopr\/wp-content\/uploads\/2020\/10\/logo2_PDF.png 250w, https:\/\/lecampusnumerique.fr\/wopr\/wp-content\/uploads\/2020\/10\/logo2_PDF-150x150.png 150w\" sizes=\"auto, (max-width: 100px) 100vw, 100px\" \/><\/a><\/h1>\n<h4 style=\"text-align: center;\">CO-EPC<\/h4>\n<\/td>\n<td style=\"width: 19.4536%; background-color: #fcfae1; height: 84px;\">\n<h1 style=\"text-align: center;\"><a href=\"https:\/\/lecampusnumerique.fr\/wopr\/wp-content\/uploads\/2022\/12\/guide2022_co_compta_avancee.pdf\"><img loading=\"lazy\" decoding=\"async\" class=\"wp-image-4918 aligncenter\" src=\"https:\/\/lecampusnumerique.fr\/wopr\/wp-content\/uploads\/2020\/10\/logo2_PDF.png\" alt=\"\" width=\"100\" height=\"100\" srcset=\"https:\/\/lecampusnumerique.fr\/wopr\/wp-content\/uploads\/2020\/10\/logo2_PDF.png 250w, https:\/\/lecampusnumerique.fr\/wopr\/wp-content\/uploads\/2020\/10\/logo2_PDF-150x150.png 150w\" sizes=\"auto, (max-width: 100px) 100vw, 100px\" \/><\/a><\/h1>\n<h4 style=\"text-align: center;\">CO-COMPTA<\/h4>\n<\/td>\n<td style=\"height: 84px; width: 14.4834%; background-color: #c8e6e3;\">\n<h1 style=\"text-align: center;\"><a href=\"https:\/\/lecampusnumerique.fr\/wopr\/wp-content\/uploads\/2019\/11\/descriptif_corest.pdf\"><img loading=\"lazy\" decoding=\"async\" class=\"wp-image-4918 aligncenter\" src=\"https:\/\/lecampusnumerique.fr\/wopr\/wp-content\/uploads\/2020\/10\/logo2_PDF.png\" alt=\"\" width=\"100\" height=\"100\" srcset=\"https:\/\/lecampusnumerique.fr\/wopr\/wp-content\/uploads\/2020\/10\/logo2_PDF.png 250w, https:\/\/lecampusnumerique.fr\/wopr\/wp-content\/uploads\/2020\/10\/logo2_PDF-150x150.png 150w\" sizes=\"auto, (max-width: 100px) 100vw, 100px\" \/><\/a><\/h1>\n<h4 style=\"text-align: center;\">COREST<\/h4>\n<\/td>\n<td style=\"width: 17.7312%; background-color: #c8e6e3; height: 84px;\">\n<h1 style=\"text-align: center;\"><a href=\"https:\/\/lecampusnumerique.fr\/wopr\/wp-content\/uploads\/2022\/12\/guide2023_poissonnerie.pdf\"><img loading=\"lazy\" decoding=\"async\" class=\"wp-image-4918 aligncenter\" src=\"https:\/\/lecampusnumerique.fr\/wopr\/wp-content\/uploads\/2020\/10\/logo2_PDF.png\" alt=\"\" width=\"100\" height=\"100\" srcset=\"https:\/\/lecampusnumerique.fr\/wopr\/wp-content\/uploads\/2020\/10\/logo2_PDF.png 250w, https:\/\/lecampusnumerique.fr\/wopr\/wp-content\/uploads\/2020\/10\/logo2_PDF-150x150.png 150w\" sizes=\"auto, (max-width: 100px) 100vw, 100px\" \/><\/a><\/h1>\n<h4 style=\"text-align: center;\">M\u00e9tiers de la Poissonnerie<\/h4>\n<h4 style=\"text-align: center;\">COPOIS<\/h4>\n<\/td>\n<\/tr>\n<tr style=\"height: 84px;\">\n<td style=\"width: 18.7873%; background-color: #ebdada; height: 84px;\">\n<h2 style=\"text-align: center;\"><strong>Droit, hygi\u00e8ne et s\u00e9curit\u00e9 au travail<\/strong><\/h2>\n<\/td>\n<td style=\"width: 17.8191%; background-color: #fcfae1; height: 84px;\">\n<h2 style=\"text-align: center;\"><strong>\u00a0M\u00e9tiers de l&rsquo;Industrie<\/strong><\/h2>\n<\/td>\n<td style=\"width: 19.4536%; height: 84px; background-color: #ebdada;\" colspan=\"2\">\n<h2 style=\"text-align: center;\"><strong>M\u00e9tiers du B\u00e2timent<\/strong><\/h2>\n<\/td>\n<td style=\"width: 17.7312%; height: 84px; background-color: #fcfae1;\">\n<h2 style=\"text-align: center;\"><strong>Ressources humaines<\/strong><\/h2>\n<\/td>\n<\/tr>\n<tr style=\"height: 226px;\">\n<td style=\"width: 18.7873%; background-color: #ebdada; height: 226px;\">\n<h1 style=\"text-align: center;\"><a href=\"https:\/\/lecampusnumerique.fr\/wopr\/wp-content\/uploads\/2022\/12\/guide2023_COSE.pdf\"><img loading=\"lazy\" decoding=\"async\" class=\"wp-image-4918 aligncenter\" src=\"https:\/\/lecampusnumerique.fr\/wopr\/wp-content\/uploads\/2020\/10\/logo2_PDF.png\" alt=\"\" width=\"100\" height=\"100\" srcset=\"https:\/\/lecampusnumerique.fr\/wopr\/wp-content\/uploads\/2020\/10\/logo2_PDF.png 250w, https:\/\/lecampusnumerique.fr\/wopr\/wp-content\/uploads\/2020\/10\/logo2_PDF-150x150.png 150w\" sizes=\"auto, (max-width: 100px) 100vw, 100px\" \/><\/a><\/h1>\n<h4 style=\"text-align: center;\">COSE<\/h4>\n<\/td>\n<td style=\"width: 17.8191%; background-color: #fcfae1; height: 226px;\">\n<h1 style=\"text-align: center;\"><a href=\"https:\/\/lecampusnumerique.fr\/wopr\/wp-content\/uploads\/2022\/12\/guide_maint_industrie.pdf\"><img loading=\"lazy\" decoding=\"async\" class=\"wp-image-4918 aligncenter\" src=\"https:\/\/lecampusnumerique.fr\/wopr\/wp-content\/uploads\/2020\/10\/logo2_PDF.png\" alt=\"\" width=\"100\" height=\"100\" srcset=\"https:\/\/lecampusnumerique.fr\/wopr\/wp-content\/uploads\/2020\/10\/logo2_PDF.png 250w, https:\/\/lecampusnumerique.fr\/wopr\/wp-content\/uploads\/2020\/10\/logo2_PDF-150x150.png 150w\" sizes=\"auto, (max-width: 100px) 100vw, 100px\" \/><\/a><\/h1>\n<h4 style=\"text-align: center;\"><strong>FORMATION TECHNIQUE ET MAINTENANCE INDUSTRIELLE<\/strong><\/h4>\n<\/td>\n<td style=\"width: 19.4536%; height: 226px; background-color: #ebdada;\">\n<h1 style=\"text-align: center;\"><a href=\"https:\/\/lecampusnumerique.fr\/wopr\/wp-content\/uploads\/2022\/12\/COBAT_TABLEAU-RECAP_2022.pdf\"><img loading=\"lazy\" decoding=\"async\" class=\"wp-image-4918 aligncenter\" src=\"https:\/\/lecampusnumerique.fr\/wopr\/wp-content\/uploads\/2020\/10\/logo2_PDF.png\" alt=\"\" width=\"100\" height=\"100\" srcset=\"https:\/\/lecampusnumerique.fr\/wopr\/wp-content\/uploads\/2020\/10\/logo2_PDF.png 250w, https:\/\/lecampusnumerique.fr\/wopr\/wp-content\/uploads\/2020\/10\/logo2_PDF-150x150.png 150w\" sizes=\"auto, (max-width: 100px) 100vw, 100px\" \/><\/a><\/h1>\n<h4 style=\"text-align: center;\"><strong>Carreleur-Electricien- Installateur sanitaire et thermique<\/strong><\/h4>\n<\/td>\n<td style=\"width: 14.4834%; height: 226px; background-color: #ebdada;\">\n<h1 style=\"text-align: center;\"><a href=\"https:\/\/lecampusnumerique.fr\/wopr\/wp-content\/uploads\/2021\/04\/doc_DESBAT_dessin_2021.pdf\"><img loading=\"lazy\" decoding=\"async\" class=\"wp-image-4918 aligncenter\" src=\"https:\/\/lecampusnumerique.fr\/wopr\/wp-content\/uploads\/2020\/10\/logo2_PDF.png\" alt=\"\" width=\"100\" height=\"100\" srcset=\"https:\/\/lecampusnumerique.fr\/wopr\/wp-content\/uploads\/2020\/10\/logo2_PDF.png 250w, https:\/\/lecampusnumerique.fr\/wopr\/wp-content\/uploads\/2020\/10\/logo2_PDF-150x150.png 150w\" sizes=\"auto, (max-width: 100px) 100vw, 100px\" \/><\/a><\/h1>\n<h4 style=\"text-align: center;\"><strong>Dessin- Lecture de plan<\/strong><\/h4>\n<\/td>\n<td style=\"width: 17.7312%; height: 226px; background-color: #fcfae1;\">\n<h1 style=\"text-align: center;\"><a href=\"https:\/\/lecampusnumerique.fr\/wopr\/wp-content\/uploads\/2025\/10\/RNCP_37948_GP.pdf\"><img loading=\"lazy\" decoding=\"async\" class=\"aligncenter wp-image-4918\" src=\"https:\/\/lecampusnumerique.fr\/wopr\/wp-content\/uploads\/2020\/10\/logo2_PDF.png\" alt=\"\" width=\"100\" height=\"100\" srcset=\"https:\/\/lecampusnumerique.fr\/wopr\/wp-content\/uploads\/2020\/10\/logo2_PDF.png 250w, https:\/\/lecampusnumerique.fr\/wopr\/wp-content\/uploads\/2020\/10\/logo2_PDF-150x150.png 150w\" sizes=\"auto, (max-width: 100px) 100vw, 100px\" \/><\/a><\/h1>\n<h4 style=\"text-align: center;\"><strong>Gestion de la paie<\/strong><\/h4>\n<h1 style=\"text-align: center;\"><\/h1>\n<\/td>\n<\/tr>\n<\/tbody>\n<\/table>\n","protected":false},"excerpt":{"rendered":"<p>Domaine g\u00e9n\u00e9ral : Savoirs de base Expression Fran\u00e7aise Math\u00e9matiques Num\u00e9rique Math\u00e9matiques G\u00e9om\u00e9trie Vie Quotidienne- Pr\u00e9vention Sant\u00e9 Environnement Anglais Bases Math\u00e9matiques \u00e9co-responsables : Evaluations Domaine g\u00e9n\u00e9ral (suite) Pr\u00e9paration \u00e0 l&rsquo;examen (\u00e9valuations) illettrisme\u00a0 Anglais Bac.Pro Math\u00e9matiques CAP Physique Chimie CAP Histoire G\u00e9ographie EMC Bac. Pro. (apprentissage du fran\u00e7ais) VOCABASE Anglais-Compr\u00e9hension de l\u2019\u00e9crit (A2 et B1 du CECRL) [&hellip;]<\/p>\n","protected":false},"author":1,"featured_media":0,"parent":0,"menu_order":0,"comment_status":"closed","ping_status":"closed","template":"","meta":{"footnotes":""},"class_list":["post-4916","page","type-page","status-publish","hentry","wpbf-post"],"_links":{"self":[{"href":"https:\/\/lecampusnumerique.fr\/wopr\/index.php?rest_route=\/wp\/v2\/pages\/4916","targetHints":{"allow":["GET"]}}],"collection":[{"href":"https:\/\/lecampusnumerique.fr\/wopr\/index.php?rest_route=\/wp\/v2\/pages"}],"about":[{"href":"https:\/\/lecampusnumerique.fr\/wopr\/index.php?rest_route=\/wp\/v2\/types\/page"}],"author":[{"embeddable":true,"href":"https:\/\/lecampusnumerique.fr\/wopr\/index.php?rest_route=\/wp\/v2\/users\/1"}],"replies":[{"embeddable":true,"href":"https:\/\/lecampusnumerique.fr\/wopr\/index.php?rest_route=%2Fwp%2Fv2%2Fcomments&post=4916"}],"version-history":[{"count":149,"href":"https:\/\/lecampusnumerique.fr\/wopr\/index.php?rest_route=\/wp\/v2\/pages\/4916\/revisions"}],"predecessor-version":[{"id":5358,"href":"https:\/\/lecampusnumerique.fr\/wopr\/index.php?rest_route=\/wp\/v2\/pages\/4916\/revisions\/5358"}],"wp:attachment":[{"href":"https:\/\/lecampusnumerique.fr\/wopr\/index.php?rest_route=%2Fwp%2Fv2%2Fmedia&parent=4916"}],"curies":[{"name":"wp","href":"https:\/\/api.w.org\/{rel}","templated":true}]}}