{"id":1714,"date":"2019-11-30T04:20:32","date_gmt":"2019-11-30T04:20:32","guid":{"rendered":"http:\/\/lecampusnumerique.fr\/?post_type=product&#038;p=1714"},"modified":"2021-10-28T05:31:55","modified_gmt":"2021-10-28T05:31:55","slug":"la-securite-au-travail","status":"publish","type":"product","link":"https:\/\/lecampusnumerique.fr\/wopr\/?product=la-securite-au-travail","title":{"rendered":"COSE : La s\u00e9curit\u00e9 au travail."},"content":{"rendered":"<div class=\"wpb-content-wrapper\"><p>[vc_row][vc_column][vc_column_text css=\u00a0\u00bb.vc_custom_1575087793564{background-color: #efebe2 !important;border-radius: 10px !important;}\u00a0\u00bb]<\/p>\n<hr \/>\n<h4 style=\"text-align: center;\"><span style=\"color: #333399;\">22 modules pour d\u00e9couvrir et se familiariser avec <\/span><\/h4>\n<h4 style=\"text-align: center;\"><span style=\"color: #333399;\">la s\u00e9curit\u00e9 au travail\u00a0<\/span><span style=\"color: #333399;\"> (dur\u00e9e environ 5h).<\/span><\/h4>\n<hr \/>\n<p>[\/vc_column_text][\/vc_column][\/vc_row][vc_row][vc_column][vc_column_text css=\u00a0\u00bb.vc_custom_1575089486781{background-color: #f9f9f9 !important;border-radius: 20px !important;}\u00a0\u00bb]<\/p>\n<h4 style=\"text-align: center;\">\u2248\u2248\u2248\u2248\u2248\u2248\u2248\u2248\u2248\u2248\u2248\u2248\u2248\u2248\u2248\u2248\u2248\u2248\u2248\u2248\u2248\u2248\u2248\u2248<\/h4>\n<h4 style=\"padding-left: 40px;\">01-Les \u00e9quipements de protection individuelle (EPI)<\/h4>\n<ul>\n<li style=\"list-style-type: none;\">\n<ul>\n<li style=\"list-style-type: none;\">\n<ul>\n<li>G\u00e9n\u00e9ralit\u00e9s.<\/li>\n<li>Protections de la t\u00eate, des mains, des pieds, des yeux, du corps.<\/li>\n<li>Protection des voies respiratoires.<\/li>\n<li>Protection contre le bruit.<\/li>\n<\/ul>\n<\/li>\n<\/ul>\n<\/li>\n<\/ul>\n<h4 style=\"padding-left: 40px;\">02-S\u00e9curit\u00e9 au travail<\/h4>\n<ul>\n<li style=\"list-style-type: none;\">\n<ul>\n<li style=\"list-style-type: none;\">\n<ul>\n<li>R\u00e8gles de s\u00e9curit\u00e9 dans l&rsquo;industrie.<\/li>\n<li>Incendie et accidents du travail.<\/li>\n<li>R\u00e8gles de circulation.<\/li>\n<li>Moyens de protection et notions de secourisme.<\/li>\n<li>Les dangers de l&rsquo;\u00e9lectricit\u00e9.<\/li>\n<li>Les bases des produits dangereux.<\/li>\n<li>Transport manuel.<\/li>\n<li>Travailler en hauteur.<\/li>\n<\/ul>\n<\/li>\n<\/ul>\n<\/li>\n<\/ul>\n<h4 style=\"padding-left: 40px;\">03-Les espaces verts<\/h4>\n<ul>\n<li style=\"list-style-type: none;\">\n<ul>\n<li style=\"list-style-type: none;\">\n<ul>\n<li>La signalisation.<\/li>\n<li>Les EPI sp\u00e9cifiques aux espaces verts.<\/li>\n<li>Comment bien utiliser un coupe gazon.<\/li>\n<\/ul>\n<\/li>\n<\/ul>\n<\/li>\n<\/ul>\n<h4 style=\"text-align: center;\">\u2248\u2248\u2248\u2248\u2248\u2248\u2248\u2248\u2248\u2248\u2248\u2248\u2248\u2248\u2248\u2248\u2248\u2248\u2248\u2248\u2248\u2248\u2248\u2248<\/h4>\n<p>[\/vc_column_text][\/vc_column][\/vc_row][vc_row][vc_column][vc_zigzag][\/vc_column][\/vc_row]<\/p>\n<\/div>","protected":false},"excerpt":{"rendered":"<p><a href=\"https:\/\/lecampusnumerique.fr\/wopr\/?page_id=1456\" target=\"_blank\" rel=\"noopener noreferrer\"><img loading=\"lazy\" decoding=\"async\" class=\"alignnone size-full wp-image-1463\" src=\"https:\/\/lecampusnumerique.fr\/wopr\/wp-content\/uploads\/2019\/11\/bouton_bleu_tester.jpg\" alt=\"\" width=\"258\" height=\"52\" srcset=\"https:\/\/lecampusnumerique.fr\/wopr\/wp-content\/uploads\/2019\/11\/bouton_bleu_tester.jpg 258w, https:\/\/lecampusnumerique.fr\/wopr\/wp-content\/uploads\/2019\/11\/bouton_bleu_tester-250x50.jpg 250w\" sizes=\"auto, (max-width: 258px) 100vw, 258px\" \/><\/a><\/p>\n","protected":false},"featured_media":1716,"template":"","meta":[],"product_brand":[],"product_cat":[92],"product_tag":[60,62,56,53,63,55],"class_list":{"0":"post-1714","1":"product","2":"type-product","3":"status-publish","4":"has-post-thumbnail","6":"product_cat-droit-hygiene-et-securite-au-travail","7":"product_tag-formation","8":"product_tag-hygiene","9":"product_tag-manuel","10":"product_tag-metier","11":"product_tag-securite","12":"product_tag-travail","13":"wpbf-post","16":"instock","17":"shipping-taxable","18":"product-type-grouped"},"_links":{"self":[{"href":"https:\/\/lecampusnumerique.fr\/wopr\/index.php?rest_route=\/wp\/v2\/product\/1714","targetHints":{"allow":["GET"]}}],"collection":[{"href":"https:\/\/lecampusnumerique.fr\/wopr\/index.php?rest_route=\/wp\/v2\/product"}],"about":[{"href":"https:\/\/lecampusnumerique.fr\/wopr\/index.php?rest_route=\/wp\/v2\/types\/product"}],"wp:featuredmedia":[{"embeddable":true,"href":"https:\/\/lecampusnumerique.fr\/wopr\/index.php?rest_route=\/wp\/v2\/media\/1716"}],"wp:attachment":[{"href":"https:\/\/lecampusnumerique.fr\/wopr\/index.php?rest_route=%2Fwp%2Fv2%2Fmedia&parent=1714"}],"wp:term":[{"taxonomy":"product_brand","embeddable":true,"href":"https:\/\/lecampusnumerique.fr\/wopr\/index.php?rest_route=%2Fwp%2Fv2%2Fproduct_brand&post=1714"},{"taxonomy":"product_cat","embeddable":true,"href":"https:\/\/lecampusnumerique.fr\/wopr\/index.php?rest_route=%2Fwp%2Fv2%2Fproduct_cat&post=1714"},{"taxonomy":"product_tag","embeddable":true,"href":"https:\/\/lecampusnumerique.fr\/wopr\/index.php?rest_route=%2Fwp%2Fv2%2Fproduct_tag&post=1714"}],"curies":[{"name":"wp","href":"https:\/\/api.w.org\/{rel}","templated":true}]}}