{"id":1736,"date":"2019-11-30T07:04:02","date_gmt":"2019-11-30T07:04:02","guid":{"rendered":"http:\/\/lecampusnumerique.fr\/?post_type=product&#038;p=1736"},"modified":"2021-10-27T15:05:05","modified_gmt":"2021-10-27T15:05:05","slug":"ensemble-des-modules-hst","status":"publish","type":"product","link":"https:\/\/lecampusnumerique.fr\/wopr\/?product=ensemble-des-modules-hst","title":{"rendered":"Ensemble des modules HST"},"content":{"rendered":"<div class=\"wpb-content-wrapper\"><p>[vc_row][vc_column][vc_column_text css=\u00a0\u00bb.vc_custom_1575099566820{background-color: #efebe2 !important;border-radius: 20px !important;}\u00a0\u00bb]<\/p>\n<h2 style=\"text-align: center;\">Ce produit regroupe les 4 produits en Hygi\u00e8ne et s\u00e9curit\u00e9 au travail.<\/h2>\n<h2 style=\"text-align: center;\"><em><strong>soit 39 modules pour environ 10 heures d\u2019auto-formation.<\/strong><\/em><\/h2>\n<p>[\/vc_column_text][\/vc_column][\/vc_row]<\/p>\n<\/div>","protected":false},"excerpt":{"rendered":"<p>[vc_row][vc_column][vc_column_text css=\u00a0\u00bb.vc_custom_1575099566820{background-color: #efebe2 !important;border-radius: 20px !important;}\u00a0\u00bb] Ce produit regroupe les 4 produits en Hygi\u00e8ne et s\u00e9curit\u00e9 au travail. soit 39 modules pour environ 10 heures d\u2019auto-formation. [\/vc_column_text][\/vc_column][\/vc_row]<\/p>\n","protected":false},"featured_media":1740,"template":"","meta":[],"product_brand":[],"product_cat":[91],"product_tag":[],"class_list":{"0":"post-1736","1":"product","2":"type-product","3":"status-publish","4":"has-post-thumbnail","6":"product_cat-domaine-professionnel","7":"wpbf-post","10":"instock","11":"shipping-taxable","12":"product-type-grouped"},"_links":{"self":[{"href":"https:\/\/lecampusnumerique.fr\/wopr\/index.php?rest_route=\/wp\/v2\/product\/1736","targetHints":{"allow":["GET"]}}],"collection":[{"href":"https:\/\/lecampusnumerique.fr\/wopr\/index.php?rest_route=\/wp\/v2\/product"}],"about":[{"href":"https:\/\/lecampusnumerique.fr\/wopr\/index.php?rest_route=\/wp\/v2\/types\/product"}],"wp:featuredmedia":[{"embeddable":true,"href":"https:\/\/lecampusnumerique.fr\/wopr\/index.php?rest_route=\/wp\/v2\/media\/1740"}],"wp:attachment":[{"href":"https:\/\/lecampusnumerique.fr\/wopr\/index.php?rest_route=%2Fwp%2Fv2%2Fmedia&parent=1736"}],"wp:term":[{"taxonomy":"product_brand","embeddable":true,"href":"https:\/\/lecampusnumerique.fr\/wopr\/index.php?rest_route=%2Fwp%2Fv2%2Fproduct_brand&post=1736"},{"taxonomy":"product_cat","embeddable":true,"href":"https:\/\/lecampusnumerique.fr\/wopr\/index.php?rest_route=%2Fwp%2Fv2%2Fproduct_cat&post=1736"},{"taxonomy":"product_tag","embeddable":true,"href":"https:\/\/lecampusnumerique.fr\/wopr\/index.php?rest_route=%2Fwp%2Fv2%2Fproduct_tag&post=1736"}],"curies":[{"name":"wp","href":"https:\/\/api.w.org\/{rel}","templated":true}]}}