{"id":4901,"date":"2018-09-21T16:41:03","date_gmt":"2018-09-21T16:41:03","guid":{"rendered":"https:\/\/lecampusnumerique.fr\/wopr\/?post_type=product&#038;p=4901"},"modified":"2021-04-11T06:54:57","modified_gmt":"2021-04-11T06:54:57","slug":"physique-chimie-2","status":"publish","type":"product","link":"https:\/\/lecampusnumerique.fr\/wopr\/?product=physique-chimie-2","title":{"rendered":"Physique &#8211; Chimie (pr\u00e9paration \u00e0 l&rsquo;examen)"},"content":{"rendered":"<div class=\"wpb-content-wrapper\"><p>[vc_row][vc_column][vc_column_text css=\u00a0\u00bb.vc_custom_1618119758748{background-color: #efebe2 !important;}\u00a0\u00bb]<\/p>\n<hr \/>\n<h2 style=\"text-align: center;\"><span style=\"font-size: 28px;\"><em><strong><span style=\"color: #993366;\">30 modules pour 10 \u00e0 15 heures d&rsquo;auto-formation en Physique-Chimie<\/span><\/strong><\/em><\/span><\/h2>\n<p>[\/vc_column_text][\/vc_column][\/vc_row][vc_row][vc_column][vc_column_text]<\/p>\n<p style=\"text-align: center;\"><span style=\"font-size: 28px; color: #3366ff; font-family: arial, helvetica, sans-serif;\"><strong>Entrainement et \u00e9valuation sur les savoirs de base <\/strong><strong>en Physique-Chimie<\/strong><\/span><\/p>\n<p style=\"text-align: center;\"><span style=\"font-size: 28px; color: #3366ff; font-family: arial, helvetica, sans-serif;\"><strong>(activit\u00e9s extraites de sujets d\u2019examen en CAP)<\/strong><\/span><\/p>\n<p>[\/vc_column_text][\/vc_column][\/vc_row]<\/p>\n<\/div>","protected":false},"excerpt":{"rendered":"<p><strong><span style=\"font-size: 24px; font-family: arial, helvetica, sans-serif; color: #3366ff;\">Ces modules de notre Campus Num\u00e9rique en Physique Chimie sont des activit\u00e9s de r\u00e9vision et d&rsquo;\u00e9valuation sur des sujets d&rsquo;examen de niveau CAP ou DNB.<\/span><\/strong><\/p>\n<p><a href=\"http:\/\/lecampusnumerique.fr\/tutoriel\/demo_sci150aj\/SCO_0001\/index.html\" target=\"_blank\" rel=\"noopener noreferrer\"><img loading=\"lazy\" decoding=\"async\" class=\"alignnone size-full wp-image-1463\" src=\"https:\/\/lecampusnumerique.fr\/wopr\/wp-content\/uploads\/2019\/11\/bouton_bleu_tester.jpg\" alt=\"\" width=\"258\" height=\"52\" srcset=\"https:\/\/lecampusnumerique.fr\/wopr\/wp-content\/uploads\/2019\/11\/bouton_bleu_tester.jpg 258w, https:\/\/lecampusnumerique.fr\/wopr\/wp-content\/uploads\/2019\/11\/bouton_bleu_tester-250x50.jpg 250w\" sizes=\"auto, (max-width: 258px) 100vw, 258px\" \/><\/a><\/p>\n","protected":false},"featured_media":4900,"template":"","meta":[],"product_brand":[],"product_cat":[88],"product_tag":[27,79,28,78],"class_list":{"0":"post-4901","1":"product","2":"type-product","3":"status-publish","4":"has-post-thumbnail","6":"product_cat-preparation-a-lexamen","7":"product_tag-autoformation","8":"product_tag-chimie","9":"product_tag-enseignement-general","10":"product_tag-physique","11":"wpbf-post","14":"instock","15":"shipping-taxable","16":"product-type-grouped"},"_links":{"self":[{"href":"https:\/\/lecampusnumerique.fr\/wopr\/index.php?rest_route=\/wp\/v2\/product\/4901","targetHints":{"allow":["GET"]}}],"collection":[{"href":"https:\/\/lecampusnumerique.fr\/wopr\/index.php?rest_route=\/wp\/v2\/product"}],"about":[{"href":"https:\/\/lecampusnumerique.fr\/wopr\/index.php?rest_route=\/wp\/v2\/types\/product"}],"wp:featuredmedia":[{"embeddable":true,"href":"https:\/\/lecampusnumerique.fr\/wopr\/index.php?rest_route=\/wp\/v2\/media\/4900"}],"wp:attachment":[{"href":"https:\/\/lecampusnumerique.fr\/wopr\/index.php?rest_route=%2Fwp%2Fv2%2Fmedia&parent=4901"}],"wp:term":[{"taxonomy":"product_brand","embeddable":true,"href":"https:\/\/lecampusnumerique.fr\/wopr\/index.php?rest_route=%2Fwp%2Fv2%2Fproduct_brand&post=4901"},{"taxonomy":"product_cat","embeddable":true,"href":"https:\/\/lecampusnumerique.fr\/wopr\/index.php?rest_route=%2Fwp%2Fv2%2Fproduct_cat&post=4901"},{"taxonomy":"product_tag","embeddable":true,"href":"https:\/\/lecampusnumerique.fr\/wopr\/index.php?rest_route=%2Fwp%2Fv2%2Fproduct_tag&post=4901"}],"curies":[{"name":"wp","href":"https:\/\/api.w.org\/{rel}","templated":true}]}}