{"id":4976,"date":"2020-10-19T12:33:57","date_gmt":"2020-10-19T12:33:57","guid":{"rendered":"https:\/\/lecampusnumerique.fr\/wopr\/?post_type=product&#038;p=4976"},"modified":"2022-12-08T16:29:43","modified_gmt":"2022-12-08T16:29:43","slug":"histoire-geographie-enseignement-moral-et-civique","status":"publish","type":"product","link":"https:\/\/lecampusnumerique.fr\/wopr\/?product=histoire-geographie-enseignement-moral-et-civique","title":{"rendered":"Histoire-G\u00e9ographie-Enseignement moral et civique (pr\u00e9paration \u00e0 l&rsquo;examen)"},"content":{"rendered":"<div class=\"wpb-content-wrapper\"><p>[vc_row][vc_column][vc_column_text css=\u00a0\u00bb.vc_custom_1670516986061{background-color: #efebe2 !important;}\u00a0\u00bb]<\/p>\n<hr \/>\n<h2 style=\"text-align: center;\"><span style=\"font-family: arial, helvetica, sans-serif; font-size: 28px;\"><strong><span style=\"color: #993366;\">55 modules pour 20 \u00e0 25 heures d&rsquo;auto-formation en HGEMC<\/span><\/strong><\/span><\/h2>\n<p>[\/vc_column_text][\/vc_column][\/vc_row][vc_row][vc_column][vc_column_text]<\/p>\n<p style=\"text-align: center;\"><span style=\"font-size: 28px; color: #3366ff; font-family: arial, helvetica, sans-serif;\"><strong>Entrainement et \u00e9valuation sur les savoirs de base <\/strong><strong>en <\/strong><\/span><\/p>\n<p style=\"text-align: center;\"><span style=\"font-size: 28px; color: #3366ff; font-family: arial, helvetica, sans-serif;\"><strong>Histoire-G\u00e9ographie-Enseignement moral et Civique<\/strong><\/span><\/p>\n<p style=\"text-align: center;\"><span style=\"font-size: 28px; color: #3366ff; font-family: arial, helvetica, sans-serif;\"><strong>(activit\u00e9s extraites de sujets d\u2019examen en Bac Pro)<\/strong><\/span><\/p>\n<p>[\/vc_column_text][\/vc_column][\/vc_row]<\/p>\n<\/div>","protected":false},"excerpt":{"rendered":"<p><span style=\"color: #3366ff;\"><strong><span style=\"font-family: arial, helvetica, sans-serif; font-size: 24px;\">Ces modules de notre Campus Num\u00e9rique sur les savoirs de base en Histoire-G\u00e9ographie et en Enseignement moral et civique sont des activit\u00e9s de r\u00e9vision et d&rsquo;\u00e9valuation sur des sujets d&rsquo;examen de niveau CAP et Bac Pro.<\/span><\/strong><\/span><\/p>\n<p><a href=\"http:\/\/lecampusnumerique.fr\/tutoriel\/demo_geo\/SCO_0001\/index.html\" target=\"_blank\" rel=\"noopener noreferrer\"><img loading=\"lazy\" decoding=\"async\" class=\"alignnone size-full wp-image-1463\" src=\"https:\/\/lecampusnumerique.fr\/wopr\/wp-content\/uploads\/2019\/11\/bouton_bleu_tester.jpg\" alt=\"\" width=\"258\" height=\"52\" srcset=\"https:\/\/lecampusnumerique.fr\/wopr\/wp-content\/uploads\/2019\/11\/bouton_bleu_tester.jpg 258w, https:\/\/lecampusnumerique.fr\/wopr\/wp-content\/uploads\/2019\/11\/bouton_bleu_tester-250x50.jpg 250w\" sizes=\"auto, (max-width: 258px) 100vw, 258px\" \/><\/a><\/p>\n","protected":false},"featured_media":5193,"template":"","meta":[],"product_brand":[],"product_cat":[88],"product_tag":[27,79,28,78],"class_list":{"0":"post-4976","1":"product","2":"type-product","3":"status-publish","4":"has-post-thumbnail","6":"product_cat-preparation-a-lexamen","7":"product_tag-autoformation","8":"product_tag-chimie","9":"product_tag-enseignement-general","10":"product_tag-physique","11":"wpbf-post","14":"instock","15":"shipping-taxable","16":"product-type-grouped"},"_links":{"self":[{"href":"https:\/\/lecampusnumerique.fr\/wopr\/index.php?rest_route=\/wp\/v2\/product\/4976","targetHints":{"allow":["GET"]}}],"collection":[{"href":"https:\/\/lecampusnumerique.fr\/wopr\/index.php?rest_route=\/wp\/v2\/product"}],"about":[{"href":"https:\/\/lecampusnumerique.fr\/wopr\/index.php?rest_route=\/wp\/v2\/types\/product"}],"wp:featuredmedia":[{"embeddable":true,"href":"https:\/\/lecampusnumerique.fr\/wopr\/index.php?rest_route=\/wp\/v2\/media\/5193"}],"wp:attachment":[{"href":"https:\/\/lecampusnumerique.fr\/wopr\/index.php?rest_route=%2Fwp%2Fv2%2Fmedia&parent=4976"}],"wp:term":[{"taxonomy":"product_brand","embeddable":true,"href":"https:\/\/lecampusnumerique.fr\/wopr\/index.php?rest_route=%2Fwp%2Fv2%2Fproduct_brand&post=4976"},{"taxonomy":"product_cat","embeddable":true,"href":"https:\/\/lecampusnumerique.fr\/wopr\/index.php?rest_route=%2Fwp%2Fv2%2Fproduct_cat&post=4976"},{"taxonomy":"product_tag","embeddable":true,"href":"https:\/\/lecampusnumerique.fr\/wopr\/index.php?rest_route=%2Fwp%2Fv2%2Fproduct_tag&post=4976"}],"curies":[{"name":"wp","href":"https:\/\/api.w.org\/{rel}","templated":true}]}}