{"id":500,"date":"2019-11-11T08:16:22","date_gmt":"2019-11-11T08:16:22","guid":{"rendered":"https:\/\/lecampusnumerique.fr\/wopr\/?post_type=product&#038;p=500"},"modified":"2021-10-27T16:35:10","modified_gmt":"2021-10-27T16:35:10","slug":"notre-campus-numerique","status":"publish","type":"product","link":"https:\/\/lecampusnumerique.fr\/wopr\/?product=notre-campus-numerique","title":{"rendered":"Notre solution de LMS"},"content":{"rendered":"<div class=\"wpb-content-wrapper\"><p>[vc_row][vc_column][vc_column_text]<\/p>\n<h3 style=\"text-align: center;\"><span style=\"color: #993366;\">Un environnement num\u00e9rique de formation comprenant dans sa version commerciale une plateforme LMS et tous les savoirs de base.<\/span><\/h3>\n<p>[\/vc_column_text][\/vc_column][\/vc_row][vc_row full_width=\u00a0\u00bbstretch_row\u00a0\u00bb css=\u00a0\u00bb.vc_custom_1434538871508{margin-bottom: 0px !important;}\u00a0\u00bb][vc_column width=\u00a0\u00bb1\/3&Prime;][vc_custom_heading text=\u00a0\u00bbL\u2019individualisation\u00a0\u00bb font_container=\u00a0\u00bbtag:h2|text_align:center\u00a0\u00bb use_theme_fonts=\u00a0\u00bbyes\u00a0\u00bb][vc_column_text]La\u00a0 possibilit\u00e9\u00a0 de\u00a0 construire\u00a0 des\u00a0 parcours\u00a0 individualis\u00e9s\u00a0 et d\u2019int\u00e9grer les propres productions des organismes de formation.[\/vc_column_text][\/vc_column][vc_column width=\u00a0\u00bb1\/3&Prime;][vc_single_image image=\u00a0\u00bb502&Prime; img_size=\u00a0\u00bbfull\u00a0\u00bb css=\u00a0\u00bb.vc_custom_1573461133786{padding-top: 15px !important;}\u00a0\u00bb][\/vc_column][vc_column width=\u00a0\u00bb1\/3&Prime;][vc_custom_heading text=\u00a0\u00bbL&rsquo;auto-formation accompagn\u00e9e\u00a0\u00bb font_container=\u00a0\u00bbtag:h2|text_align:center\u00a0\u00bb use_theme_fonts=\u00a0\u00bbyes\u00a0\u00bb][vc_column_text]<\/p>\n<p style=\"padding-left: 40px;\">Une formation accessible en tous lieux et \u00e0 tous moments, avec utilisation possible en auto-formation accompagn\u00e9e et auto-correction des apprenants.<\/p>\n<p>[\/vc_column_text][\/vc_column][\/vc_row][vc_row full_width=\u00a0\u00bbstretch_row\u00a0\u00bb][vc_column width=\u00a0\u00bb1\/3&Prime;][vc_single_image image=\u00a0\u00bb503&Prime; img_size=\u00a0\u00bbfull\u00a0\u00bb css=\u00a0\u00bb.vc_custom_1573461201119{padding-top: 15px !important;}\u00a0\u00bb][\/vc_column][vc_column width=\u00a0\u00bb1\/3&Prime;][vc_custom_heading text=\u00a0\u00bbLa gestion des comp\u00e9tences\u00a0\u00bb font_container=\u00a0\u00bbtag:h2|text_align:center\u00a0\u00bb use_theme_fonts=\u00a0\u00bbyes\u00a0\u00bb][vc_column_text]Des outils de gestion des comp\u00e9tences associant les unit\u00e9s d\u2019apprentissage aux r\u00e9f\u00e9rentiels de comp\u00e9tences de formation ou de m\u00e9tier.[\/vc_column_text][\/vc_column][vc_column width=\u00a0\u00bb1\/3&Prime;][vc_single_image image=\u00a0\u00bb504&Prime; img_size=\u00a0\u00bbfull\u00a0\u00bb css=\u00a0\u00bb.vc_custom_1573460666586{padding-top: 15px !important;}\u00a0\u00bb][\/vc_column][\/vc_row][vc_row full_width=\u00a0\u00bbstretch_row\u00a0\u00bb css=\u00a0\u00bb.vc_custom_1434538871508{margin-bottom: 0px !important;}\u00a0\u00bb][vc_column width=\u00a0\u00bb1\/3&Prime;][vc_custom_heading text=\u00a0\u00bbUn suivi de la formation des apprenants\u00a0\u00bb font_container=\u00a0\u00bbtag:h2|text_align:center\u00a0\u00bb use_theme_fonts=\u00a0\u00bbyes\u00a0\u00bb][vc_column_text]Une tra\u00e7abilit\u00e9 du travail et des actions de l\u2019apprenant dans l\u2019environnement num\u00e9rique avec\u00a0 des outils d\u2019analyse individuels ou globaux pour tous les r\u00e9sultats des apprenants (\u00e9valuation, positionnement).[\/vc_column_text][\/vc_column][vc_column width=\u00a0\u00bb1\/3&Prime;][vc_single_image image=\u00a0\u00bb512&Prime; img_size=\u00a0\u00bbfull\u00a0\u00bb css=\u00a0\u00bb.vc_custom_1573467619235{padding-top: 15px !important;}\u00a0\u00bb][\/vc_column][vc_column width=\u00a0\u00bb1\/3&Prime;][vc_custom_heading text=\u00a0\u00bbAbonnement\u00a0\u00bb font_container=\u00a0\u00bbtag:h2|text_align:center\u00a0\u00bb use_theme_fonts=\u00a0\u00bbyes\u00a0\u00bb][vc_column_text]Notre offre peut s\u2019adapter \u00e0 la taille de l\u2019\u00e9tablissement, m\u00eame pour un petit nombre d\u2019apprenants.<\/p>\n<p>Indiquez-nous la volum\u00e9trie de votre projet pourobtenir l\u2019offre correspondante.<\/p>\n<p>Chaque centre personnalise son abonnement en choisissant les m\u00e9tiers et les th\u00e8mes\u00a0 auxquels il souhaite avoir acc\u00e8s.[\/vc_column_text][\/vc_column][\/vc_row][vc_row full_width=\u00a0\u00bbstretch_row\u00a0\u00bb][vc_column width=\u00a0\u00bb1\/3&Prime;][vc_single_image image=\u00a0\u00bb515&Prime; img_size=\u00a0\u00bbfull\u00a0\u00bb css=\u00a0\u00bb.vc_custom_1573467729811{padding-top: 15px !important;}\u00a0\u00bb][\/vc_column][vc_column width=\u00a0\u00bb1\/3&Prime;][vc_custom_heading text=\u00a0\u00bbLe tarif de location\u00a0\u00bb font_container=\u00a0\u00bbtag:h2|text_align:center\u00a0\u00bb use_theme_fonts=\u00a0\u00bbyes\u00a0\u00bb][vc_column_text]\u2013 L\u2019abonnement au \u00ab\u00a0CAMPUS NUM\u00c9RIQUE\u00a0\u00bb est annuel.<\/p>\n<p>\u2013 Les tarifs vous seront communiqu\u00e9s apr\u00e8s une \u00e9tude gratuite de vos besoins (cliquez sur ajouter au devis).[\/vc_column_text][\/vc_column][vc_column width=\u00a0\u00bb1\/3&Prime;][vc_single_image image=\u00a0\u00bb514&Prime; img_size=\u00a0\u00bbfull\u00a0\u00bb css=\u00a0\u00bb.vc_custom_1573467557247{padding-top: 15px !important;}\u00a0\u00bb][\/vc_column][\/vc_row]<\/p>\n<\/div>","protected":false},"excerpt":{"rendered":"<p><a href=\"https:\/\/lecampusnumerique.fr\/wopr\/?page_id=902\" target=\"_blank\" rel=\"noopener noreferrer\"><img loading=\"lazy\" decoding=\"async\" class=\"alignnone size-full wp-image-1441\" src=\"https:\/\/lecampusnumerique.fr\/wopr\/wp-content\/uploads\/2019\/11\/bouton_bleu_demo.png\" alt=\"\" width=\"258\" height=\"52\" srcset=\"https:\/\/lecampusnumerique.fr\/wopr\/wp-content\/uploads\/2019\/11\/bouton_bleu_demo.png 258w, https:\/\/lecampusnumerique.fr\/wopr\/wp-content\/uploads\/2019\/11\/bouton_bleu_demo-250x50.png 250w\" sizes=\"auto, (max-width: 258px) 100vw, 258px\" \/><\/a><\/p>\n","protected":false},"featured_media":1213,"template":"","meta":[],"product_brand":[],"product_cat":[82],"product_tag":[],"class_list":{"0":"post-500","1":"product","2":"type-product","3":"status-publish","4":"has-post-thumbnail","6":"product_cat-details-savoirs-base","7":"wpbf-post","10":"instock","11":"virtual","12":"product-type-simple"},"_links":{"self":[{"href":"https:\/\/lecampusnumerique.fr\/wopr\/index.php?rest_route=\/wp\/v2\/product\/500","targetHints":{"allow":["GET"]}}],"collection":[{"href":"https:\/\/lecampusnumerique.fr\/wopr\/index.php?rest_route=\/wp\/v2\/product"}],"about":[{"href":"https:\/\/lecampusnumerique.fr\/wopr\/index.php?rest_route=\/wp\/v2\/types\/product"}],"wp:featuredmedia":[{"embeddable":true,"href":"https:\/\/lecampusnumerique.fr\/wopr\/index.php?rest_route=\/wp\/v2\/media\/1213"}],"wp:attachment":[{"href":"https:\/\/lecampusnumerique.fr\/wopr\/index.php?rest_route=%2Fwp%2Fv2%2Fmedia&parent=500"}],"wp:term":[{"taxonomy":"product_brand","embeddable":true,"href":"https:\/\/lecampusnumerique.fr\/wopr\/index.php?rest_route=%2Fwp%2Fv2%2Fproduct_brand&post=500"},{"taxonomy":"product_cat","embeddable":true,"href":"https:\/\/lecampusnumerique.fr\/wopr\/index.php?rest_route=%2Fwp%2Fv2%2Fproduct_cat&post=500"},{"taxonomy":"product_tag","embeddable":true,"href":"https:\/\/lecampusnumerique.fr\/wopr\/index.php?rest_route=%2Fwp%2Fv2%2Fproduct_tag&post=500"}],"curies":[{"name":"wp","href":"https:\/\/api.w.org\/{rel}","templated":true}]}}