{"id":5065,"date":"2021-04-11T06:32:04","date_gmt":"2021-04-11T06:32:04","guid":{"rendered":"https:\/\/lecampusnumerique.fr\/wopr\/?post_type=product&#038;p=5065"},"modified":"2022-12-08T17:16:56","modified_gmt":"2022-12-08T17:16:56","slug":"lecture-de-plan-dans-les-metiers-du-batiment","status":"publish","type":"product","link":"https:\/\/lecampusnumerique.fr\/wopr\/?product=lecture-de-plan-dans-les-metiers-du-batiment","title":{"rendered":"Lecture de plan dans les m\u00e9tiers du B\u00e2timent"},"content":{"rendered":"<div class=\"wpb-content-wrapper\"><p>[vc_row][vc_column][vc_column_text css=\u00a0\u00bb.vc_custom_1618122847444{background-color: #efebe2 !important;}\u00a0\u00bb]<\/p>\n<hr \/>\n<h4 style=\"text-align: center;\"><span style=\"font-family: arial, helvetica, sans-serif; font-size: 28px; color: #993366;\"><strong>Objectifs de ces 17 modules : Acqu\u00e9rir les bases en <\/strong><em><strong>lecture de plan b\u00e2timent<\/strong><\/em><\/span><\/h4>\n<h4 style=\"padding-left: 40px; text-align: center;\"><\/h4>\n<p>[\/vc_column_text][\/vc_column][\/vc_row][vc_row][vc_column][vc_column_text]<\/p>\n<h4 style=\"padding-left: 40px; text-align: center;\"><span style=\"font-family: arial, helvetica, sans-serif; font-size: 28px; color: #3366ff;\"><em><strong>9 modules pour apprendre ou r\u00e9viser et 8 \u00e9valuations\u00a0 bas\u00e9es sur des sujets d&rsquo;examen en CAP<\/strong><\/em><em><strong>.<\/strong><\/em><\/span><\/h4>\n<p>[\/vc_column_text][\/vc_column][\/vc_row]<\/p>\n<\/div>","protected":false},"excerpt":{"rendered":"<p><span style=\"color: #3366ff;\"><strong><span style=\"font-family: arial, helvetica, sans-serif; font-size: 24px;\">Ces modules de notre Campus Num\u00e9rique sur la lecture de plan dans les m\u00e9tiers du B\u00e2timent sont des activit\u00e9s d&rsquo;apprentissage, de r\u00e9vision et d&rsquo;\u00e9valuation sur des sujets d&rsquo;examen de niveau CAP.<\/span><\/strong><\/span><\/p>\n<p>&nbsp;<\/p>\n","protected":false},"featured_media":5067,"template":"","meta":[],"product_brand":[],"product_cat":[15],"product_tag":[27,79,28,78],"class_list":{"0":"post-5065","1":"product","2":"type-product","3":"status-publish","4":"has-post-thumbnail","6":"product_cat-batiment","7":"product_tag-autoformation","8":"product_tag-chimie","9":"product_tag-enseignement-general","10":"product_tag-physique","11":"wpbf-post","14":"instock","15":"shipping-taxable","16":"product-type-grouped"},"_links":{"self":[{"href":"https:\/\/lecampusnumerique.fr\/wopr\/index.php?rest_route=\/wp\/v2\/product\/5065","targetHints":{"allow":["GET"]}}],"collection":[{"href":"https:\/\/lecampusnumerique.fr\/wopr\/index.php?rest_route=\/wp\/v2\/product"}],"about":[{"href":"https:\/\/lecampusnumerique.fr\/wopr\/index.php?rest_route=\/wp\/v2\/types\/product"}],"wp:featuredmedia":[{"embeddable":true,"href":"https:\/\/lecampusnumerique.fr\/wopr\/index.php?rest_route=\/wp\/v2\/media\/5067"}],"wp:attachment":[{"href":"https:\/\/lecampusnumerique.fr\/wopr\/index.php?rest_route=%2Fwp%2Fv2%2Fmedia&parent=5065"}],"wp:term":[{"taxonomy":"product_brand","embeddable":true,"href":"https:\/\/lecampusnumerique.fr\/wopr\/index.php?rest_route=%2Fwp%2Fv2%2Fproduct_brand&post=5065"},{"taxonomy":"product_cat","embeddable":true,"href":"https:\/\/lecampusnumerique.fr\/wopr\/index.php?rest_route=%2Fwp%2Fv2%2Fproduct_cat&post=5065"},{"taxonomy":"product_tag","embeddable":true,"href":"https:\/\/lecampusnumerique.fr\/wopr\/index.php?rest_route=%2Fwp%2Fv2%2Fproduct_tag&post=5065"}],"curies":[{"name":"wp","href":"https:\/\/api.w.org\/{rel}","templated":true}]}}