{"id":5109,"date":"2021-10-27T02:56:47","date_gmt":"2021-10-27T02:56:47","guid":{"rendered":"https:\/\/lecampusnumerique.fr\/wopr\/?post_type=product&#038;p=5109"},"modified":"2021-10-27T15:21:51","modified_gmt":"2021-10-27T15:21:51","slug":"sciences-biologie-chimie-physique-niveau-iii","status":"publish","type":"product","link":"https:\/\/lecampusnumerique.fr\/wopr\/?product=sciences-biologie-chimie-physique-niveau-iii","title":{"rendered":"Sciences : Biologie- Chimie- Physique niveau III"},"content":{"rendered":"<div class=\"wpb-content-wrapper\"><p>[vc_row][vc_column][vc_column_text css=\u00a0\u00bb.vc_custom_1635312891318{background-color: #efebe2 !important;border-radius: 20px !important;}\u00a0\u00bb]<\/p>\n<hr \/>\n<h5 style=\"padding-left: 40px;\"><span style=\"color: #333399; font-size: 20px;\">Cette collection en sciences pour le niveau III est constitu\u00e9e\u00a0 38 modules avec\u00a0 plusieurs domaines de formation pour une dur\u00e9e de formation d&rsquo;environ 13 heures<\/span><\/h5>\n<h5 style=\"padding-left: 40px;\"><span style=\"font-size: 20px;\"><span style=\"color: #333399;\">Les trois domaines sont :\u00a0<\/span><span style=\"color: #333399;\"><strong>Biologie-Physique et Chimie<\/strong><\/span><\/span><\/h5>\n<hr \/>\n<p>[\/vc_column_text][\/vc_column][\/vc_row][vc_row][vc_column width=\u00a0\u00bb1\/2&Prime;][vc_column_text css=\u00a0\u00bb.vc_custom_1635306642835{background-color: #f9f9f9 !important;border-radius: 20px !important;}\u00a0\u00bb]<\/p>\n<hr \/>\n<h5 style=\"padding-left: 40px;\"><strong><span style=\"color: #0000ff;\"><em><span style=\"font-size: 24px;\">BIOLOGIE<\/span><\/em><\/span><\/strong><\/h5>\n<hr \/>\n<ul>\n<li>La mati\u00e8re<\/li>\n<li>De l&rsquo;atome \u00e0 la mol\u00e9cule<\/li>\n<li>La cellule<\/li>\n<li>Principales mol\u00e9cules constitutives de la cellule<\/li>\n<li>La membrane cellulaire<\/li>\n<li>Les organites<\/li>\n<li>Noyau<\/li>\n<li>Classification des cellules<\/li>\n<li>De la cellule \u00e0 l&rsquo;organe<\/li>\n<li>Les grands syst\u00e8mes et leurs fonctions<\/li>\n<li>G\u00e9n\u00e9ralit\u00e9s<\/li>\n<li>Les bact\u00e9ries<\/li>\n<li>Levures et moisissures<\/li>\n<li>Les virus<br \/>\n<hr \/>\n<\/li>\n<\/ul>\n<p><span style=\"color: #0000ff;\"><em><strong><span style=\"font-size: 24px;\">\u00a0 \u00a0 \u00a0CHIMIE<\/span><\/strong><\/em><\/span><\/p>\n<hr \/>\n<ul>\n<li>La mati\u00e8re<\/li>\n<li>De l&rsquo;atome \u00e0 la moll\u00e9cule<\/li>\n<li>La r\u00e9action chimique<\/li>\n<li>La r\u00e9action chimique (suite)<\/li>\n<li>Les grandeurs fondamentales Partie1<\/li>\n<li>Les grandeurs fondamentales Partie2<\/li>\n<li>Le PH<\/li>\n<li>De la cellule \u00e0 l&rsquo;organe<\/li>\n<\/ul>\n<p>[\/vc_column_text][\/vc_column][vc_column width=\u00a0\u00bb1\/2&Prime;][vc_column_text css=\u00a0\u00bb.vc_custom_1635306654945{background-color: #f9f9f9 !important;border-radius: 20px !important;}\u00a0\u00bb]<\/p>\n<hr \/>\n<h3><strong><span style=\"font-size: 24px; color: #0000ff;\"><em>PHYSIQUE<\/em><\/span><\/strong><\/h3>\n<hr \/>\n<ul>\n<li>Les conversions d&rsquo;unit\u00e9s<\/li>\n<li>G\u00e9n\u00e9ralit\u00e9s sur l&rsquo;\u00e9nergie<\/li>\n<li>Les diff\u00e9rentes formes d&rsquo;\u00e9nergie<\/li>\n<li>Transmission et conversions d&rsquo;\u00e9nergie<\/li>\n<li>Conservation de l&rsquo;\u00e9nergie<\/li>\n<li>Principe et d\u00e9finition<\/li>\n<li>La radioactivit\u00e9<\/li>\n<li>L&rsquo;\u00e9nergie \u00e9lectrique Partie 1<\/li>\n<li>L&rsquo;\u00e9nergie \u00e9lectrique Partie 2<\/li>\n<li>L&rsquo;\u00e9nergie \u00e9lectrique Partie 3<\/li>\n<li>Qu&rsquo;est-ce que la chaleur ?<\/li>\n<li>Notions de thermodynamique Partie 1<\/li>\n<li>Notions de thermodynamique Partie 2<\/li>\n<li>G\u00e9n\u00e9ralit\u00e9s sur les ondes<\/li>\n<li>Les ondes \u00e9lectromagn\u00e9tiques<\/li>\n<li>Les ondes acoustiques<\/li>\n<\/ul>\n<p>[\/vc_column_text][\/vc_column][\/vc_row][vc_row][vc_column][vc_zigzag][\/vc_column][\/vc_row]<\/p>\n<\/div>","protected":false},"excerpt":{"rendered":"<p>[vc_row][vc_column][vc_column_text css=\u00a0\u00bb.vc_custom_1635312891318{background-color: #efebe2 !important;border-radius: 20px !important;}\u00a0\u00bb] Cette collection en sciences pour le niveau III est constitu\u00e9e\u00a0 38 modules avec\u00a0 plusieurs domaines de formation pour une dur\u00e9e de formation d&rsquo;environ 13 heures Les trois domaines sont :\u00a0Biologie-Physique et Chimie [\/vc_column_text][\/vc_column][\/vc_row][vc_row][vc_column width=\u00a0\u00bb1\/2&Prime;][vc_column_text css=\u00a0\u00bb.vc_custom_1635306642835{background-color: #f9f9f9 !important;border-radius: 20px !important;}\u00a0\u00bb] BIOLOGIE La mati\u00e8re De l&rsquo;atome \u00e0 la mol\u00e9cule La cellule [&hellip;]<\/p>\n","protected":false},"featured_media":5111,"template":"","meta":[],"product_brand":[],"product_cat":[18],"product_tag":[27],"class_list":{"0":"post-5109","1":"product","2":"type-product","3":"status-publish","4":"has-post-thumbnail","6":"product_cat-savoirs-de-base","7":"product_tag-autoformation","8":"wpbf-post","11":"instock","12":"virtual","13":"product-type-simple"},"_links":{"self":[{"href":"https:\/\/lecampusnumerique.fr\/wopr\/index.php?rest_route=\/wp\/v2\/product\/5109","targetHints":{"allow":["GET"]}}],"collection":[{"href":"https:\/\/lecampusnumerique.fr\/wopr\/index.php?rest_route=\/wp\/v2\/product"}],"about":[{"href":"https:\/\/lecampusnumerique.fr\/wopr\/index.php?rest_route=\/wp\/v2\/types\/product"}],"wp:featuredmedia":[{"embeddable":true,"href":"https:\/\/lecampusnumerique.fr\/wopr\/index.php?rest_route=\/wp\/v2\/media\/5111"}],"wp:attachment":[{"href":"https:\/\/lecampusnumerique.fr\/wopr\/index.php?rest_route=%2Fwp%2Fv2%2Fmedia&parent=5109"}],"wp:term":[{"taxonomy":"product_brand","embeddable":true,"href":"https:\/\/lecampusnumerique.fr\/wopr\/index.php?rest_route=%2Fwp%2Fv2%2Fproduct_brand&post=5109"},{"taxonomy":"product_cat","embeddable":true,"href":"https:\/\/lecampusnumerique.fr\/wopr\/index.php?rest_route=%2Fwp%2Fv2%2Fproduct_cat&post=5109"},{"taxonomy":"product_tag","embeddable":true,"href":"https:\/\/lecampusnumerique.fr\/wopr\/index.php?rest_route=%2Fwp%2Fv2%2Fproduct_tag&post=5109"}],"curies":[{"name":"wp","href":"https:\/\/api.w.org\/{rel}","templated":true}]}}