{"id":5114,"date":"2021-10-27T07:39:50","date_gmt":"2021-10-27T07:39:50","guid":{"rendered":"https:\/\/lecampusnumerique.fr\/wopr\/?post_type=product&#038;p=5114"},"modified":"2021-10-28T05:42:17","modified_gmt":"2021-10-28T05:42:17","slug":"titre-professionnel-gestionnaire-de-paie","status":"publish","type":"product","link":"https:\/\/lecampusnumerique.fr\/wopr\/?product=titre-professionnel-gestionnaire-de-paie","title":{"rendered":"TITRE PROFESSIONNEL GESTIONNAIRE DE PAIE"},"content":{"rendered":"<div class=\"wpb-content-wrapper\"><p>[vc_row][vc_column][vc_column_text css=\u00a0\u00bb.vc_custom_1635348229595{background-color: #efebe2 !important;border-radius: 20px !important;}\u00a0\u00bb]<\/p>\n<hr \/>\n<h5 style=\"padding-left: 40px;\"><span style=\"font-family: arial, helvetica, sans-serif; font-size: 24px;\">Cette formation est valid\u00e9e par un t<strong>itre Professionnel Minist\u00e8re Charg\u00e9 de l\u2019Emploi\u00a0<\/strong><strong>Gestionnaire de Paie \u2013 Niveau 5 BAC<\/strong>\u00a0+2<\/span><\/h5>\n<p><span style=\"font-family: arial, helvetica, sans-serif; font-size: 24px;\"><strong>R\u00e9pertori\u00e9 au RNCP\u00a0 : <\/strong>RNCP4113 \u2013 TP \u2013 Gestionnaire de paie<\/span><\/p>\n<p><span style=\"font-size: 24px;\">Le gestionnaire de paie assure le suivi, le\u00a0<strong>contr\u00f4le de fiabilit\u00e9, l\u2019analyse et le traitement des informations sociales collect\u00e9es afin de r\u00e9aliser un traitement fiable de la paie<\/strong>.<\/span><\/p>\n<p><span style=\"font-size: 24px;\">Il la v\u00e9rifie en fonction de la l\u00e9gislation, des conventions collectives et des contrats de travail.<\/span><\/p>\n<h5 style=\"padding-left: 40px;\"><span style=\"color: #333399; font-size: 20px;\">\u00a0<\/span><\/h5>\n<hr \/>\n<p>[\/vc_column_text][vc_column_text]<span style=\"font-family: arial, helvetica, sans-serif; font-size: 24px;\">Objectif de cette formation :<\/span><\/p>\n<p><span style=\"font-family: arial, helvetica, sans-serif; font-size: 24px;\"><strong>1. Assurer la tenue et le suivi du dossier social de l\u2019entreprise<\/strong><\/span><br \/>\n<span style=\"font-family: arial, helvetica, sans-serif; font-size: 24px;\">\u2013 Analyser et assurer la gestion des informations li\u00e9es aux relations de travail.<\/span><\/p>\n<p><span style=\"font-family: arial, helvetica, sans-serif; font-size: 24px;\">\u2013 Collecter les informations et traiter les \u00e9v\u00e9nements li\u00e9s au temps de travail du personnel.<\/span><\/p>\n<p><span style=\"font-family: arial, helvetica, sans-serif; font-size: 24px;\">\u2013 Assurer les relations avec le personnel et les tiers.<\/span><\/p>\n<p><span style=\"font-family: arial, helvetica, sans-serif; font-size: 24px;\"><strong>2. Assurer la production de la paie et \u00e9laborer les donn\u00e9es de synth\u00e8se<\/strong><\/span><br \/>\n<span style=\"font-family: arial, helvetica, sans-serif; font-size: 24px;\">\u2013 R\u00e9aliser et contr\u00f4ler les bulletins de salaire.<\/span><\/p>\n<p><span style=\"font-family: arial, helvetica, sans-serif; font-size: 24px;\">\u2013 \u00c9tablir et contr\u00f4ler les donn\u00e9es de synth\u00e8se \u00e0 partir de la production des bulletins de salaire.<\/span><\/p>\n<p><span style=\"font-family: arial, helvetica, sans-serif; font-size: 24px;\"><strong>3. Mati\u00e8res transversales<\/strong><\/span><br \/>\n<span style=\"font-family: arial, helvetica, sans-serif; font-size: 24px;\">\u2013 Expression \u00e9crite et orale<\/span><br \/>\n<span style=\"font-family: arial, helvetica, sans-serif; font-size: 24px;\">\u2013 Techniques de Recherche d\u2019Emploi et projet professionnel<\/span><br \/>\n<span style=\"font-family: arial, helvetica, sans-serif; font-size: 24px;\">\u2013 Pr\u00e9paration \u00e0 la session de validation<\/span><br \/>\n<span style=\"font-family: arial, helvetica, sans-serif; font-size: 24px;\">\u2013 Accompagnement \u00e0 la r\u00e9ussite<\/span>[\/vc_column_text][\/vc_column][\/vc_row][vc_row][vc_column][vc_zigzag][\/vc_column][\/vc_row]<\/p>\n<\/div>","protected":false},"excerpt":{"rendered":"<p>[vc_row][vc_column][vc_column_text css=\u00a0\u00bb.vc_custom_1635348229595{background-color: #efebe2 !important;border-radius: 20px !important;}\u00a0\u00bb] Cette formation est valid\u00e9e par un titre Professionnel Minist\u00e8re Charg\u00e9 de l\u2019Emploi\u00a0Gestionnaire de Paie \u2013 Niveau 5 BAC\u00a0+2 R\u00e9pertori\u00e9 au RNCP\u00a0 : RNCP4113 \u2013 TP \u2013 Gestionnaire de paie Le gestionnaire de paie assure le suivi, le\u00a0contr\u00f4le de fiabilit\u00e9, l\u2019analyse et le traitement des informations sociales collect\u00e9es afin de [&hellip;]<\/p>\n","protected":false},"featured_media":5115,"template":"","meta":[],"product_brand":[],"product_cat":[90],"product_tag":[27],"class_list":{"0":"post-5114","1":"product","2":"type-product","3":"status-publish","4":"has-post-thumbnail","6":"product_cat-ressources-humaines-management","7":"product_tag-autoformation","8":"wpbf-post","11":"instock","12":"virtual","13":"product-type-simple"},"_links":{"self":[{"href":"https:\/\/lecampusnumerique.fr\/wopr\/index.php?rest_route=\/wp\/v2\/product\/5114","targetHints":{"allow":["GET"]}}],"collection":[{"href":"https:\/\/lecampusnumerique.fr\/wopr\/index.php?rest_route=\/wp\/v2\/product"}],"about":[{"href":"https:\/\/lecampusnumerique.fr\/wopr\/index.php?rest_route=\/wp\/v2\/types\/product"}],"wp:featuredmedia":[{"embeddable":true,"href":"https:\/\/lecampusnumerique.fr\/wopr\/index.php?rest_route=\/wp\/v2\/media\/5115"}],"wp:attachment":[{"href":"https:\/\/lecampusnumerique.fr\/wopr\/index.php?rest_route=%2Fwp%2Fv2%2Fmedia&parent=5114"}],"wp:term":[{"taxonomy":"product_brand","embeddable":true,"href":"https:\/\/lecampusnumerique.fr\/wopr\/index.php?rest_route=%2Fwp%2Fv2%2Fproduct_brand&post=5114"},{"taxonomy":"product_cat","embeddable":true,"href":"https:\/\/lecampusnumerique.fr\/wopr\/index.php?rest_route=%2Fwp%2Fv2%2Fproduct_cat&post=5114"},{"taxonomy":"product_tag","embeddable":true,"href":"https:\/\/lecampusnumerique.fr\/wopr\/index.php?rest_route=%2Fwp%2Fv2%2Fproduct_tag&post=5114"}],"curies":[{"name":"wp","href":"https:\/\/api.w.org\/{rel}","templated":true}]}}