{"id":5177,"date":"2022-04-29T16:51:38","date_gmt":"2022-04-29T16:51:38","guid":{"rendered":"https:\/\/lecampusnumerique.fr\/wopr\/?post_type=product&#038;p=5177"},"modified":"2022-04-30T03:16:19","modified_gmt":"2022-04-30T03:16:19","slug":"anglais-comprehension-de-lecrit-a2-et-b1-du-cecrl","status":"publish","type":"product","link":"https:\/\/lecampusnumerique.fr\/wopr\/?product=anglais-comprehension-de-lecrit-a2-et-b1-du-cecrl","title":{"rendered":"Anglais-Compr\u00e9hension de l&rsquo;\u00e9crit (A2 et B1 du CECRL)"},"content":{"rendered":"<div class=\"wpb-content-wrapper\"><p>[vc_row][vc_column][vc_column_text css=\u00a0\u00bb.vc_custom_1651251594712{background-color: #efebe2 !important;}\u00a0\u00bb]<\/p>\n<hr \/>\n<h2 style=\"text-align: center;\"><span style=\"color: #800000; font-size: 28px; font-family: arial, helvetica, sans-serif;\"><em><strong>20 modules pour 6 \u00e0 12 heures d\u2019auto-formation en ANGLAIS niveau A2 et B1 du CECRL.<\/strong><\/em><\/span><\/h2>\n<hr \/>\n<h4 style=\"text-align: center;\"><\/h4>\n<p>[\/vc_column_text][vc_column_text]<span style=\"font-family: arial, helvetica, sans-serif; font-size: 24px;\"><strong>Descriptif :<\/strong><\/span><\/p>\n<p><span style=\"font-family: arial, helvetica, sans-serif; font-size: 24px;\">Ce pack regroupe les 2 logiciels\u00a0<strong>Anglais &#8211; Compr\u00e9hension de l&rsquo;\u00e9crit\u00a0<\/strong>du programme d&rsquo;<strong>enseignement de l&rsquo;anglais en CAP-BAC PRO<\/strong><\/span><\/p>\n<p><span style=\"font-family: arial, helvetica, sans-serif; font-size: 24px;\">Les activit\u00e9s propos\u00e9es visent la compr\u00e9hension par l&rsquo;\u00e9l\u00e8ve de textes courts et simples (niveau A2), puis de textes r\u00e9dig\u00e9s dans une langue courante sur des sujets concrets ou abstraits (niveau B1).<\/span><\/p>\n<p><span style=\"font-family: arial, helvetica, sans-serif; font-size: 24px;\">\u00c0 travers un \u00ab\u00a0voyage\u00a0\u00bb dans diff\u00e9rentes villes d&rsquo;Angleterre, de\u00a0<strong>nombreuses th\u00e9matiques\u00a0<\/strong>et des\u00a0<strong>domaines familiers\u00a0<\/strong>sont abord\u00e9s : <\/span><span style=\"font-family: arial, helvetica, sans-serif; font-size: 24px;\">vie quotidienne, patrimoine culturel et historique, rep\u00e8res g\u00e9ographiques, patrimoine litt\u00e9raire et artistique, textes narratifs, dialogues, textes argumentatifs&#8230;<\/span><\/p>\n<p><span style=\"font-family: arial, helvetica, sans-serif; font-size: 24px;\">\u00c0 cette occasion, les \u00e9l\u00e8ves abordent les\u00a0<strong>notions syntaxiques et morphosyntaxiques <\/strong>\u00a0: <\/span><span style=\"font-family: arial, helvetica, sans-serif; font-size: 24px;\">genre et nombre, d\u00e9termination, noms et adjectifs, le g\u00e9nitif, les pr\u00e9positions, les pronoms relatifs, les temps du verbe (pr\u00e9sent, pass\u00e9, expression de l&rsquo;avenir, imp\u00e9ratif, present perfect), les modaux, la coordination, la subordination, etc.<\/span><\/p>\n<p><span style=\"font-family: arial, helvetica, sans-serif; font-size: 24px;\"><em>Les villes concern\u00e9es sont Londres, Cambridge, Oxford, Brighton, Edimbourg, Newcastle.<\/em><\/span>[\/vc_column_text][\/vc_column][\/vc_row]<\/p>\n<\/div>","protected":false},"excerpt":{"rendered":"<p><span style=\"font-family: arial, helvetica, sans-serif; font-size: 24px;\">Ces modules de notre Campus Num\u00e9rique regroupe les 2 logiciels <strong>Anglais &#8211; Compr\u00e9hension de l&rsquo;\u00e9crit (A2-B1) <\/strong>du programme d&rsquo;<strong>enseignement de l&rsquo;anglais en CAP-BAC PRO<\/strong><\/span><\/p>\n<p><a href=\"http:\/\/lecampusnumerique.fr\/tutoriel\/demoA2_01\/SCO_0001\/index.html\" target=\"_blank\" rel=\"noopener noreferrer\"><img loading=\"lazy\" decoding=\"async\" class=\"alignnone wp-image-1463 size-full\" src=\"https:\/\/lecampusnumerique.fr\/wopr\/wp-content\/uploads\/2019\/11\/bouton_bleu_tester.jpg\" alt=\"\" width=\"258\" height=\"52\" srcset=\"https:\/\/lecampusnumerique.fr\/wopr\/wp-content\/uploads\/2019\/11\/bouton_bleu_tester.jpg 258w, https:\/\/lecampusnumerique.fr\/wopr\/wp-content\/uploads\/2019\/11\/bouton_bleu_tester-250x50.jpg 250w\" sizes=\"auto, (max-width: 258px) 100vw, 258px\" \/><\/a><\/p>\n","protected":false},"featured_media":5180,"template":"","meta":[],"product_brand":[],"product_cat":[18],"product_tag":[72,84,27,83,28,85],"class_list":{"0":"post-5177","1":"product","2":"type-product","3":"status-publish","4":"has-post-thumbnail","6":"product_cat-savoirs-de-base","7":"product_tag-anglais","8":"product_tag-apprendre-langue","9":"product_tag-autoformation","10":"product_tag-campus-numerique","11":"product_tag-enseignement-general","12":"product_tag-langue","13":"wpbf-post","16":"instock","17":"shipping-taxable","18":"product-type-grouped"},"_links":{"self":[{"href":"https:\/\/lecampusnumerique.fr\/wopr\/index.php?rest_route=\/wp\/v2\/product\/5177","targetHints":{"allow":["GET"]}}],"collection":[{"href":"https:\/\/lecampusnumerique.fr\/wopr\/index.php?rest_route=\/wp\/v2\/product"}],"about":[{"href":"https:\/\/lecampusnumerique.fr\/wopr\/index.php?rest_route=\/wp\/v2\/types\/product"}],"wp:featuredmedia":[{"embeddable":true,"href":"https:\/\/lecampusnumerique.fr\/wopr\/index.php?rest_route=\/wp\/v2\/media\/5180"}],"wp:attachment":[{"href":"https:\/\/lecampusnumerique.fr\/wopr\/index.php?rest_route=%2Fwp%2Fv2%2Fmedia&parent=5177"}],"wp:term":[{"taxonomy":"product_brand","embeddable":true,"href":"https:\/\/lecampusnumerique.fr\/wopr\/index.php?rest_route=%2Fwp%2Fv2%2Fproduct_brand&post=5177"},{"taxonomy":"product_cat","embeddable":true,"href":"https:\/\/lecampusnumerique.fr\/wopr\/index.php?rest_route=%2Fwp%2Fv2%2Fproduct_cat&post=5177"},{"taxonomy":"product_tag","embeddable":true,"href":"https:\/\/lecampusnumerique.fr\/wopr\/index.php?rest_route=%2Fwp%2Fv2%2Fproduct_tag&post=5177"}],"curies":[{"name":"wp","href":"https:\/\/api.w.org\/{rel}","templated":true}]}}