{"id":56,"date":"2019-11-06T08:26:23","date_gmt":"2019-11-06T08:26:23","guid":{"rendered":"https:\/\/lecampusnumerique.fr\/wopr\/?post_type=product&#038;p=56"},"modified":"2022-12-08T16:11:54","modified_gmt":"2022-12-08T16:11:54","slug":"francais-niveau1","status":"publish","type":"product","link":"https:\/\/lecampusnumerique.fr\/wopr\/?product=francais-niveau1","title":{"rendered":"Fran\u00e7ais (niveau1)"},"content":{"rendered":"<p>[vc_row][vc_column][vc_column_text css=\u00a0\u00bb.vc_custom_1602732394687{background-color: #efebe2 !important;}\u00a0\u00bb]<\/p>\n<hr \/>\n<h2 style=\"text-align: center;\"><em><strong><span style=\"color: #993366;\">44 modules pour 15 \u00e0 20 heures d&rsquo;auto-formation en fran\u00e7ais (niveau 1)<\/span><\/strong><\/em><\/h2>\n<hr \/>\n<p>[\/vc_column_text][\/vc_column][\/vc_row][vc_row][vc_column width=\u00a0\u00bb1\/2&Prime;][vc_column_text css=\u00a0\u00bb.vc_custom_1575110691325{background-color: #f9f9f9 !important;border-radius: 20px !important;}\u00a0\u00bb]<\/p>\n<h4 style=\"text-align: center;\">\u2248\u2248\u2248\u2248\u2248\u2248\u2248\u2248\u2248\u2248\u2248\u2248<\/h4>\n<h5 style=\"padding-left: 40px;\"><span style=\"color: #333399;\"><em><strong>Grammaire\u00a0<\/strong><\/em><\/span><\/h5>\n<ul>\n<li style=\"list-style-type: none;\">\n<ul>\n<li>\n<h6><span style=\"color: #000000;\">Analyse de la phrase.<\/span><\/h6>\n<\/li>\n<li>\n<h6>Les types de phrases.<\/h6>\n<\/li>\n<li>\n<h6>les classes de mots, les classes de mots invariables.<\/h6>\n<\/li>\n<li>\n<h6>Les d\u00e9terminants, les pronoms,<\/h6>\n<\/li>\n<li>\n<h6>Notions Lexicales, synonymes et \u00a0antonymes.<\/h6>\n<\/li>\n<\/ul>\n<\/li>\n<\/ul>\n<h5 style=\"padding-left: 40px;\"><span style=\"color: #333399;\"><em><strong>Conjugaison <\/strong><\/em><\/span><\/h5>\n<ul>\n<li style=\"list-style-type: none;\">\n<ul>\n<li>\n<h6>Les groupes de verbes, les temps simples de l&rsquo;indicatif.<\/h6>\n<\/li>\n<\/ul>\n<\/li>\n<\/ul>\n<h5 style=\"padding-left: 40px;\"><span style=\"color: #333399;\"><em><strong>Lecture<\/strong><\/em><\/span><\/h5>\n<ul>\n<li style=\"list-style-type: none;\">\n<ul>\n<li>\n<h6>\u00a0L&rsquo;intrus son,<\/h6>\n<\/li>\n<li>\n<h6>Le jeu du dictionnaire<\/h6>\n<\/li>\n<li>\n<h6>Lecture de textes pour en comprendre le sens.<\/h6>\n<\/li>\n<li>\n<h6>Lire vite et bien.<\/h6>\n<\/li>\n<\/ul>\n<\/li>\n<\/ul>\n<h5 style=\"padding-left: 40px;\"><span style=\"color: #333399;\"><strong><em>Orthographe\u00a0<\/em><\/strong><\/span><\/h5>\n<ul>\n<li style=\"list-style-type: none;\">\n<ul>\n<li>\n<h6><span style=\"color: #000000;\">Accord du verbe.<\/span><\/h6>\n<\/li>\n<li>\n<h6><span style=\"color: #000000;\">Ecriture des sons.<\/span><\/h6>\n<\/li>\n<li>\n<h6><span style=\"color: #000000;\">M\u00e9morisation et \u00e9criture correcte des mots dans des phrases.<\/span><\/h6>\n<\/li>\n<\/ul>\n<\/li>\n<\/ul>\n<h4 style=\"text-align: center;\">\u2248\u2248\u2248\u2248\u2248\u2248\u2248\u2248\u2248\u2248\u2248\u2248<\/h4>\n<p>[\/vc_column_text][\/vc_column][vc_column width=\u00a0\u00bb1\/2&Prime;][vc_column_text css=\u00a0\u00bb.vc_custom_1575110714460{background-color: #f9f9f9 !important;border-radius: 20px !important;}\u00a0\u00bb]<\/p>\n<h4 style=\"text-align: center;\">\u2248\u2248\u2248\u2248\u2248\u2248\u2248\u2248\u2248\u2248\u2248\u2248<\/h4>\n<h5 style=\"padding-left: 40px;\"><span style=\"color: #333399;\"><strong><em>Orthographe (suite)<\/em><\/strong><\/span><\/h5>\n<ul>\n<li style=\"list-style-type: none;\">\n<ul>\n<li>\n<h6><span style=\"color: #000000;\">Ecriture correcte des mots invariables manquant dans des phrases.<\/span><\/h6>\n<\/li>\n<li>\n<h6><span style=\"color: #000000;\">Accords noms-adjectifs : f\u00e9minin irr\u00e9gulier, etc.<\/span><\/h6>\n<\/li>\n<li>\n<h6><span style=\"color: #000000;\">Les bons homonymes\u00a0 dans des phrases de la vie courante.<\/span><\/h6>\n<\/li>\n<li>\n<h6><span style=\"color: #000000;\">Les r\u00e8gles d&rsquo;usage en compl\u00e9tant des mots dans des phrases.<\/span><\/h6>\n<\/li>\n<\/ul>\n<\/li>\n<\/ul>\n<h5 style=\"padding-left: 40px;\"><span style=\"color: #333399;\"><em style=\"font-size: 20px;\"><strong>Expre<\/strong><\/em><em style=\"font-size: 20px;\"><strong>ssion Ecrite<\/strong><\/em><\/span><\/h5>\n<ul>\n<li style=\"list-style-type: none;\">\n<ul>\n<li><strong style=\"color: #000000; font-size: 16px;\">Reconstitution de textes en employant les tournures les plus appropri\u00e9es dans un texte de la vie courante.<\/strong><\/li>\n<li>\n<h6><span style=\"color: #000000;\"><strong>\u00a0Puzzles de mots sur des noms d&rsquo;animaux, d&rsquo;insectes, etc. et des noms se rapportant au corps humain, au temps, etc. mais aussi\u00a0 des verbes indiquant des fa\u00e7ons de parler, de manger, etc.).<\/strong><\/span><\/h6>\n<\/li>\n<li>\n<h6><span style=\"color: #000000;\"><strong>Puzzles de mots <\/strong>appartenant\u00a0 diff\u00e9rents registres de vocabulaire : noms propres, noms indiquant des qualit\u00e9s, des d\u00e9fauts, etc.,\u00a0 noms et adjectifs synonymes;\u00a0 d\u00e9nominations, caract\u00e8re orthographique ou grammatical (ex : d\u00e9terminant, formes conjugu\u00e9es, etc.).<\/span><\/h6>\n<\/li>\n<li>\n<h6><span style=\"color: #000000;\"><strong>Remise en ordre de textes : Ordre logique et chronologique dans les textes, bon usage des connecteurs, emploi ad\u00e9quat des temps des verbes, etc.<\/strong><\/span><\/h6>\n<\/li>\n<li>\n<h6><span style=\"color: #000000;\"><strong>La ponctuation perdue dans des phrases o\u00f9 ne sont pas affich\u00e9es ces signes (points, virgules, points d&rsquo;exclamation et d&rsquo;interrogation, deux points).<\/strong><\/span><\/h6>\n<\/li>\n<\/ul>\n<\/li>\n<\/ul>\n<h4 style=\"text-align: center;\">\u2248\u2248\u2248\u2248\u2248\u2248\u2248\u2248\u2248\u2248\u2248\u2248<\/h4>\n<p>[\/vc_column_text][\/vc_column][\/vc_row][vc_row][vc_column][vc_zigzag el_border_width=\u00a0\u00bb15&Prime;][\/vc_column][\/vc_row]<\/p>\n","protected":false},"excerpt":{"rendered":"<p>Ces modules de notre Campus Num\u00e9rique sur les savoirs de base en Fran\u00e7ais sont des activit\u00e9s en grammaire, conjugaison, lecture, orthographe et en expression \u00e9crite.<\/p>\n<p><a href=\"http:\/\/lecampusnumerique.fr\/tutoriel\/demo_francaisN1\/SCO_0001\/index.html\" target=\"_blank\" rel=\"noopener noreferrer\"><img loading=\"lazy\" decoding=\"async\" class=\"alignnone size-full wp-image-1463\" src=\"https:\/\/lecampusnumerique.fr\/wopr\/wp-content\/uploads\/2019\/11\/bouton_bleu_tester.jpg\" alt=\"\" width=\"258\" height=\"52\" srcset=\"https:\/\/lecampusnumerique.fr\/wopr\/wp-content\/uploads\/2019\/11\/bouton_bleu_tester.jpg 258w, https:\/\/lecampusnumerique.fr\/wopr\/wp-content\/uploads\/2019\/11\/bouton_bleu_tester-250x50.jpg 250w\" sizes=\"auto, (max-width: 258px) 100vw, 258px\" \/><\/a><\/p>\n","protected":false},"featured_media":1662,"template":"","meta":[],"product_brand":[],"product_cat":[18],"product_tag":[27,28],"class_list":{"0":"post-56","1":"product","2":"type-product","3":"status-publish","4":"has-post-thumbnail","6":"product_cat-savoirs-de-base","7":"product_tag-autoformation","8":"product_tag-enseignement-general","9":"wpbf-post","12":"instock","13":"shipping-taxable","14":"product-type-grouped"},"_links":{"self":[{"href":"https:\/\/lecampusnumerique.fr\/wopr\/index.php?rest_route=\/wp\/v2\/product\/56","targetHints":{"allow":["GET"]}}],"collection":[{"href":"https:\/\/lecampusnumerique.fr\/wopr\/index.php?rest_route=\/wp\/v2\/product"}],"about":[{"href":"https:\/\/lecampusnumerique.fr\/wopr\/index.php?rest_route=\/wp\/v2\/types\/product"}],"wp:featuredmedia":[{"embeddable":true,"href":"https:\/\/lecampusnumerique.fr\/wopr\/index.php?rest_route=\/wp\/v2\/media\/1662"}],"wp:attachment":[{"href":"https:\/\/lecampusnumerique.fr\/wopr\/index.php?rest_route=%2Fwp%2Fv2%2Fmedia&parent=56"}],"wp:term":[{"taxonomy":"product_brand","embeddable":true,"href":"https:\/\/lecampusnumerique.fr\/wopr\/index.php?rest_route=%2Fwp%2Fv2%2Fproduct_brand&post=56"},{"taxonomy":"product_cat","embeddable":true,"href":"https:\/\/lecampusnumerique.fr\/wopr\/index.php?rest_route=%2Fwp%2Fv2%2Fproduct_cat&post=56"},{"taxonomy":"product_tag","embeddable":true,"href":"https:\/\/lecampusnumerique.fr\/wopr\/index.php?rest_route=%2Fwp%2Fv2%2Fproduct_tag&post=56"}],"curies":[{"name":"wp","href":"https:\/\/api.w.org\/{rel}","templated":true}]}}