{"id":752,"date":"2019-11-14T07:20:09","date_gmt":"2019-11-14T07:20:09","guid":{"rendered":"https:\/\/lecampusnumerique.fr\/wopr\/?post_type=product&#038;p=752"},"modified":"2021-10-27T15:16:42","modified_gmt":"2021-10-27T15:16:42","slug":"mathematiques-geometrie","status":"publish","type":"product","link":"https:\/\/lecampusnumerique.fr\/wopr\/?product=mathematiques-geometrie","title":{"rendered":"Math\u00e9matiques : G\u00e9om\u00e9trie"},"content":{"rendered":"<div class=\"wpb-content-wrapper\"><p>[vc_row][vc_column][vc_column_text css=\u00a0\u00bb.vc_custom_1574592333948{background-color: #efebe2 !important;border-radius: 10px !important;}\u00a0\u00bb]<\/p>\n<hr \/>\n<h2 style=\"text-align: center;\"><em><strong>62 modules pour 20 \u00e0 25 heures d\u2019auto-formation en Math\u00e9matiques (g\u00e9om\u00e9trie)<\/strong><\/em><\/h2>\n<hr \/>\n<p>[\/vc_column_text][\/vc_column][\/vc_row][vc_row][vc_column width=\u00a0\u00bb1\/2&Prime;][vc_column_text css_animation=\u00a0\u00bbnone\u00a0\u00bb css=\u00a0\u00bb.vc_custom_1575136663959{background-color: #f9f9f9 !important;border-radius: 20px !important;}\u00a0\u00bb]<\/p>\n<h4 style=\"text-align: center;\">\u2248\u2248\u2248\u2248\u2248\u2248\u2248\u2248\u2248\u2248\u2248\u2248<\/h4>\n<h5 style=\"padding-left: 40px;\"><span style=\"color: #000080;\"><em><strong>Les trac\u00e9s de base<\/strong><\/em><\/span><\/h5>\n<ul>\n<li style=\"list-style-type: none;\">\n<ul>\n<li><strong>El\u00e9ments de g\u00e9om\u00e9trie : Le point, la droite, couples de droites, orthogonalit\u00e9. trac\u00e9s).<\/strong><\/li>\n<li><strong>Les angles : D\u00e9finition, mesure, construction.<\/strong><\/li>\n<li><strong>Bissectrice d&rsquo;un angle : Construction.<\/strong><\/li>\n<li><strong>M\u00e9diatrice d&rsquo;un segment : D\u00e9finition, construction de la m\u00e9diatrice.<\/strong><\/li>\n<li><strong>Sym\u00e9trie : Axes de sym\u00e9trie (identification), sym\u00e9trique d&rsquo;un point, sym\u00e9trie centrale (d\u00e9couverte), <\/strong><strong>sym\u00e9trie des Figures usuelles.<\/strong><\/li>\n<\/ul>\n<\/li>\n<\/ul>\n<h5 style=\"padding-left: 40px;\"><span style=\"color: #000080;\"><em><strong>Les polygones <\/strong><\/em><\/span><\/h5>\n<ul>\n<li style=\"list-style-type: none;\">\n<ul>\n<li><strong>Figures usuelles : Le cercle<\/strong><\/li>\n<li><strong>Polygones usuels : Les triangles particuliers\u00a0\u00a0 (\u00e9quilat\u00e9ral, isoc\u00e8le et rectangle, quadrilat\u00e8res)<\/strong><\/li>\n<li><strong>Polygones usuels (carr\u00e9, losange rectangle, parall\u00e9logrammes).<\/strong><\/li>\n<li><strong>P\u00e9rim\u00e8tres des polygones : Unit\u00e9s de longueur, calculs.<\/strong><\/li>\n<li><strong>Aires des polygones : Les unit\u00e9s, calculs, aire ou p\u00e9rim\u00e8tre du cercle (valeurs approch\u00e9es).<\/strong><\/li>\n<li><strong>Aller plus loin sur les polygones : Les diagonales, calculs invers\u00e9s.<\/strong><\/li>\n<\/ul>\n<\/li>\n<\/ul>\n<h4 style=\"text-align: center;\">\u2248\u2248\u2248\u2248\u2248\u2248\u2248\u2248\u2248\u2248\u2248\u2248<\/h4>\n<p>[\/vc_column_text][\/vc_column][vc_column width=\u00a0\u00bb1\/2&Prime;][vc_column_text css=\u00a0\u00bb.vc_custom_1575136693758{background-color: #f9f9f9 !important;border-radius: 20px !important;}\u00a0\u00bb]<\/p>\n<h4 style=\"text-align: center;\">\u2248\u2248\u2248\u2248\u2248\u2248\u2248\u2248\u2248\u2248\u2248\u2248<\/h4>\n<h5 style=\"padding-left: 40px;\"><span style=\"color: #333399;\"><em>Pythagore et Thales<\/em><\/span><\/h5>\n<ul>\n<li style=\"list-style-type: none;\">\n<ul>\n<li><strong>Le th\u00e9or\u00e8me de Pythagore : d\u00e9couverte, c<\/strong><strong>alculs.<\/strong><\/li>\n<li><strong>La r\u00e9ciproque.<\/strong><\/li>\n<li><strong>Le th\u00e9or\u00e8me de Thal\u00e8s : Application, calculs simples, situations pratiques.<\/strong><\/li>\n<\/ul>\n<\/li>\n<\/ul>\n<h5 style=\"padding-left: 40px;\"><span style=\"color: #333399;\"><em>Trigonom\u00e9trie<\/em><\/span><\/h5>\n<ul>\n<li style=\"list-style-type: none;\">\n<ul>\n<li><strong>Sinus et cosinus d&rsquo;un angle.<\/strong><\/li>\n<li><strong>Tangente d&rsquo;un angle.<\/strong><\/li>\n<li><strong>Calculs dans les triangles particuliers, le losange et le rectangle.<\/strong><\/li>\n<li><strong>Probl\u00e8mes pratiques.<\/strong><\/li>\n<\/ul>\n<\/li>\n<\/ul>\n<h5 style=\"padding-left: 40px;\"><span style=\"color: #333399;\"><em><strong>G\u00e9om\u00e9trie dans l&rsquo;espace<\/strong><\/em><\/span><\/h5>\n<ul>\n<li style=\"list-style-type: none;\">\n<ul>\n<li><strong>Les solides usuels : d\u00e9couverte, unit\u00e9s de volume, conversion unit\u00e9s de volume et de capacit\u00e9.<\/strong><\/li>\n<li><strong>Les solides usuels : Volume du cylindre, du prisme, du pav\u00e9.<\/strong><\/li>\n<li><strong>Les solides usuels : P<\/strong><strong>atron du pav\u00e9 droit, prisme et cylindre, aire totale.<\/strong><\/li>\n<\/ul>\n<\/li>\n<\/ul>\n<h4 style=\"text-align: center;\">\u2248\u2248\u2248\u2248\u2248\u2248\u2248\u2248\u2248\u2248\u2248\u2248<\/h4>\n<p>[\/vc_column_text][\/vc_column][\/vc_row][vc_row][vc_column][vc_zigzag][\/vc_column][\/vc_row]<\/p>\n<\/div>","protected":false},"excerpt":{"rendered":"<p>Ces modules de notre Campus Num\u00e9rique sur les savoirs de base en Math\u00e9matiques G\u00e9om\u00e9trie sont des activit\u00e9s sur les trac\u00e9s de base, les polygones, sur Pythagore et Thal\u00e8s, la trigonom\u00e9trie et la g\u00e9om\u00e9trie dans l&rsquo;espace.<\/p>\n<p><a href=\"http:\/\/lecampusnumerique.fr\/tutoriel\/demo_geom2\/SCO_0001\/index.html\" target=\"_blank\" rel=\"noopener noreferrer\"><img loading=\"lazy\" decoding=\"async\" class=\"alignnone size-full wp-image-1463\" src=\"https:\/\/lecampusnumerique.fr\/wopr\/wp-content\/uploads\/2019\/11\/bouton_bleu_tester.jpg\" alt=\"\" width=\"258\" height=\"52\" srcset=\"https:\/\/lecampusnumerique.fr\/wopr\/wp-content\/uploads\/2019\/11\/bouton_bleu_tester.jpg 258w, https:\/\/lecampusnumerique.fr\/wopr\/wp-content\/uploads\/2019\/11\/bouton_bleu_tester-250x50.jpg 250w\" sizes=\"auto, (max-width: 258px) 100vw, 258px\" \/><\/a><\/p>\n","protected":false},"featured_media":1657,"template":"","meta":[],"product_brand":[],"product_cat":[18],"product_tag":[27,28,71],"class_list":{"0":"post-752","1":"product","2":"type-product","3":"status-publish","4":"has-post-thumbnail","6":"product_cat-savoirs-de-base","7":"product_tag-autoformation","8":"product_tag-enseignement-general","9":"product_tag-mathematiques","10":"wpbf-post","13":"instock","14":"shipping-taxable","15":"product-type-grouped"},"_links":{"self":[{"href":"https:\/\/lecampusnumerique.fr\/wopr\/index.php?rest_route=\/wp\/v2\/product\/752","targetHints":{"allow":["GET"]}}],"collection":[{"href":"https:\/\/lecampusnumerique.fr\/wopr\/index.php?rest_route=\/wp\/v2\/product"}],"about":[{"href":"https:\/\/lecampusnumerique.fr\/wopr\/index.php?rest_route=\/wp\/v2\/types\/product"}],"wp:featuredmedia":[{"embeddable":true,"href":"https:\/\/lecampusnumerique.fr\/wopr\/index.php?rest_route=\/wp\/v2\/media\/1657"}],"wp:attachment":[{"href":"https:\/\/lecampusnumerique.fr\/wopr\/index.php?rest_route=%2Fwp%2Fv2%2Fmedia&parent=752"}],"wp:term":[{"taxonomy":"product_brand","embeddable":true,"href":"https:\/\/lecampusnumerique.fr\/wopr\/index.php?rest_route=%2Fwp%2Fv2%2Fproduct_brand&post=752"},{"taxonomy":"product_cat","embeddable":true,"href":"https:\/\/lecampusnumerique.fr\/wopr\/index.php?rest_route=%2Fwp%2Fv2%2Fproduct_cat&post=752"},{"taxonomy":"product_tag","embeddable":true,"href":"https:\/\/lecampusnumerique.fr\/wopr\/index.php?rest_route=%2Fwp%2Fv2%2Fproduct_tag&post=752"}],"curies":[{"name":"wp","href":"https:\/\/api.w.org\/{rel}","templated":true}]}}