{"id":994,"date":"2019-11-19T17:48:43","date_gmt":"2019-11-19T17:48:43","guid":{"rendered":"https:\/\/lecampusnumerique.fr\/wopr\/?post_type=product&#038;p=994"},"modified":"2021-10-27T15:20:20","modified_gmt":"2021-10-27T15:20:20","slug":"vocabase","status":"publish","type":"product","link":"https:\/\/lecampusnumerique.fr\/wopr\/?product=vocabase","title":{"rendered":"Vocabase (Apprentissage du vocabulaire de base en fran\u00e7ais)"},"content":{"rendered":"<div class=\"wpb-content-wrapper\"><p>[vc_row][vc_column][vc_column_text css=\u00a0\u00bb.vc_custom_1574220237408{background-color: #efebe2 !important;border-radius: 20px !important;}\u00a0\u00bb]<\/p>\n<hr \/>\n<h5 style=\"padding-left: 40px;\"><span style=\"color: #333399;\">Cette collection sur l\u2019apprentissage du vocabulaire de base pour les personnes en difficult\u00e9 d\u2019apprentissage du fran\u00e7ais est constitu\u00e9e 196 modules avec\u00a0 plusieurs th\u00e8mes int\u00e9grant plusieurs sous-th\u00e8mes dans les parcours de formation.<\/span><\/h5>\n<h5 style=\"padding-left: 40px;\"><span style=\"color: #333399;\">Chaque sous-th\u00e8me aura 5 modules sur le mod\u00e8le suivant :<\/span><\/h5>\n<h5 style=\"padding-left: 40px;\"><span style=\"color: #333399;\"><strong>DECOUVRIR &#8211; <\/strong><strong>APPRENDRE &#8211;\u00a0<\/strong><strong>CONSTRUIRE &#8211;\u00a0<\/strong><strong>ECRIRE &#8211; PRODUIRE<\/strong><\/span><\/h5>\n<hr \/>\n<p>[\/vc_column_text][\/vc_column][\/vc_row][vc_row][vc_column width=\u00a0\u00bb1\/5&Prime;][vc_single_image image=\u00a0\u00bb1011&Prime;][\/vc_column][vc_column width=\u00a0\u00bb1\/5&Prime;][vc_single_image image=\u00a0\u00bb1007&Prime;][\/vc_column][vc_column width=\u00a0\u00bb1\/5&Prime;][vc_single_image image=\u00a0\u00bb1010&Prime;][\/vc_column][vc_column width=\u00a0\u00bb1\/5&Prime;][vc_single_image image=\u00a0\u00bb1009&Prime;][\/vc_column][vc_column width=\u00a0\u00bb1\/5&Prime;][vc_single_image image=\u00a0\u00bb1006&Prime;][\/vc_column][\/vc_row][vc_row][vc_column width=\u00a0\u00bb1\/2&Prime;][vc_column_text css=\u00a0\u00bb.vc_custom_1574593219714{background-color: #f9f9f9 !important;border-radius: 20px !important;}\u00a0\u00bb]<\/p>\n<hr \/>\n<h4 style=\"padding-left: 40px;\"><span style=\"color: #000000;\"><em>Transports\u00a0<\/em><strong><br \/>\n<\/strong><\/span><\/h4>\n<h5 style=\"padding-left: 40px;\"><span style=\"color: #000000;\">Transports\u00a0 ferroviaires\u00a0 \/ Transports\u00a0 urbains\u00a0 \/ Transports\u00a0 et\u00a0 route\u00a0 \/ Les phrases des transports.<\/span><\/h5>\n<hr style=\"padding-left: 40px;\" \/>\n<h4 style=\"padding-left: 40px;\"><span style=\"color: #000000;\"><em>Emploi et travail<\/em><\/span><\/h4>\n<h5 style=\"padding-left: 40px;\"><span style=\"color: #000000;\">Les\u00a0 verbes\u00a0 \/\u00a0 D\u00e9marches\u00a0 \/\u00a0 Trouver\u00a0 un\u00a0 emploi\u00a0 \/\u00a0 Documents\u00a0 \/\u00a0 Les phrases de l\u2019emploi.<\/span><\/h5>\n<hr style=\"padding-left: 40px;\" \/>\n<h4 style=\"padding-left: 40px;\"><span style=\"color: #000000;\"><em>Sant\u00e9<\/em><\/span><\/h4>\n<h5 style=\"padding-left: 40px;\">Documents \/ Aller chez le m\u00e9decin \/ Personnes \/ Soins m\u00e9dicaux \/\u00a0 Les phrases de la sant\u00e9.<\/h5>\n<hr style=\"padding-left: 40px;\" \/>\n<h4 style=\"padding-left: 40px;\"><span style=\"color: #000000;\"><em>Famille<\/em><\/span><\/h4>\n<h5 style=\"padding-left: 40px;\"><span style=\"color: #000000;\">Parent\u00e9 \/ Membres de la famille \/ Les phrases de la famille.<\/span><\/h5>\n<hr style=\"padding-left: 40px;\" \/>\n<h4 style=\"padding-left: 40px;\"><span style=\"color: #000000;\"><em>Alimentation<\/em><\/span><\/h4>\n<h5 style=\"padding-left: 40px;\"><span style=\"color: #000000;\">Aliments de base \/ L\u00e9gumes verts \/ Fruits \/ Boissons \/ Les phrases de l\u2019alimentation.<\/span><\/h5>\n<hr \/>\n<p>[\/vc_column_text][\/vc_column][vc_column width=\u00a0\u00bb1\/2&Prime;][vc_column_text css=\u00a0\u00bb.vc_custom_1574592858571{background-color: #f9f9f9 !important;border-radius: 20px !important;}\u00a0\u00bb]<\/p>\n<hr \/>\n<h3><em><span style=\"color: #333399;\">Ville<\/span><\/em><\/h3>\n<h5>Ville \u2013 Village \/ Services publics \/ Les phrases de la ville.<\/h5>\n<hr \/>\n<h3><em><span style=\"color: #333399;\">B\u00e2timent<\/span><\/em><\/h3>\n<h5>G\u00e9n\u00e9ralit\u00e9s \/ Travaux \/ Mat\u00e9riel \/ Protection et s\u00e9curit\u00e9 \/ Maison : ext\u00e9rieur et int\u00e9rieur \/ Construction \/ Les phrases du b\u00e2timent.<\/h5>\n<hr \/>\n<h3><span style=\"color: #333399;\"><em>Entretien des espaces verts<\/em><\/span><\/h3>\n<h5>Outils de pr\u00e9paration du sol \/ Outils pour semer et planter \/ Outils pour tailler \/ Outils pour d\u00e9broussailler \/ \u00c9quipements de protection\u00a0individuelle \/ Outils motoris\u00e9s \/ Les verbes \/ Phrases de l\u2019entretien des espaces verts.<\/h5>\n<hr \/>\n<h3><span style=\"color: #333399;\"><em>M\u00e9tiers de la propret\u00e9<\/em><\/span><\/h3>\n<h5>Mat\u00e9riel\u00a0 de\u00a0 base\u00a0 \/\u00a0 Mat\u00e9riel\u00a0 m\u00e9canique\u00a0 \/\u00a0 Outils\u00a0 de\u00a0 nettoyage\u00a0 des vitres \/ Pictogrammes de danger \/ Utilisation des produits d\u2019entretien \/\u00a0 Verbes courants utilis\u00e9s \/ Phrases des m\u00e9tiers de la propret\u00e9.<\/h5>\n<hr \/>\n<p>[\/vc_column_text][\/vc_column][\/vc_row][vc_row][vc_column][vc_zigzag][\/vc_column][\/vc_row]<\/p>\n<\/div>","protected":false},"excerpt":{"rendered":"<p><a href=\"http:\/\/lecampusnumerique.fr\/tutoriel\/demo_vocabase2\/SCO_0001\/index.html\" target=\"_blank\" rel=\"noopener noreferrer\"><img loading=\"lazy\" decoding=\"async\" class=\"alignnone size-full wp-image-857\" src=\"https:\/\/lecampusnumerique.fr\/wopr\/wp-content\/uploads\/2019\/11\/bouton_bleu_tester.png\" alt=\"\" width=\"258\" height=\"52\" \/><\/a><\/p>\n","protected":false},"featured_media":999,"template":"","meta":[],"product_brand":[],"product_cat":[18],"product_tag":[27,28,48,47,49],"class_list":{"0":"post-994","1":"product","2":"type-product","3":"status-publish","4":"has-post-thumbnail","6":"product_cat-savoirs-de-base","7":"product_tag-autoformation","8":"product_tag-enseignement-general","9":"product_tag-francais","10":"product_tag-illetrisme","11":"product_tag-vocabulaire","12":"wpbf-post","15":"instock","16":"virtual","17":"product-type-simple"},"_links":{"self":[{"href":"https:\/\/lecampusnumerique.fr\/wopr\/index.php?rest_route=\/wp\/v2\/product\/994","targetHints":{"allow":["GET"]}}],"collection":[{"href":"https:\/\/lecampusnumerique.fr\/wopr\/index.php?rest_route=\/wp\/v2\/product"}],"about":[{"href":"https:\/\/lecampusnumerique.fr\/wopr\/index.php?rest_route=\/wp\/v2\/types\/product"}],"wp:featuredmedia":[{"embeddable":true,"href":"https:\/\/lecampusnumerique.fr\/wopr\/index.php?rest_route=\/wp\/v2\/media\/999"}],"wp:attachment":[{"href":"https:\/\/lecampusnumerique.fr\/wopr\/index.php?rest_route=%2Fwp%2Fv2%2Fmedia&parent=994"}],"wp:term":[{"taxonomy":"product_brand","embeddable":true,"href":"https:\/\/lecampusnumerique.fr\/wopr\/index.php?rest_route=%2Fwp%2Fv2%2Fproduct_brand&post=994"},{"taxonomy":"product_cat","embeddable":true,"href":"https:\/\/lecampusnumerique.fr\/wopr\/index.php?rest_route=%2Fwp%2Fv2%2Fproduct_cat&post=994"},{"taxonomy":"product_tag","embeddable":true,"href":"https:\/\/lecampusnumerique.fr\/wopr\/index.php?rest_route=%2Fwp%2Fv2%2Fproduct_tag&post=994"}],"curies":[{"name":"wp","href":"https:\/\/api.w.org\/{rel}","templated":true}]}}